{"id":3334,"date":"2023-01-03T13:14:40","date_gmt":"2023-01-03T12:14:40","guid":{"rendered":"https:\/\/flutteracademy.app\/?page_id=3334"},"modified":"2025-05-04T13:06:39","modified_gmt":"2025-05-04T12:06:39","slug":"politica-de-privacidad","status":"publish","type":"page","link":"https:\/\/lacedemon.com\/en\/privacy-policy\/","title":{"rendered":"Privacy policy"},"content":{"rendered":"<div data-elementor-type=\"wp-page\" data-elementor-id=\"3334\" class=\"elementor elementor-3334\" data-elementor-post-type=\"page\">\n\t\t\t\t\t\t<section class=\"elementor-section elementor-top-section elementor-element elementor-element-1ae0efa elementor-section-stretched elementor-section-boxed elementor-section-height-default elementor-section-height-default\" data-id=\"1ae0efa\" data-element_type=\"section\" data-e-type=\"section\" data-settings=\"{&quot;stretch_section&quot;:&quot;section-stretched&quot;}\">\n\t\t\t\t\t\t<div class=\"elementor-container elementor-column-gap-default\">\n\t\t\t\t\t<div class=\"elementor-column elementor-col-100 elementor-top-column elementor-element elementor-element-044d4d1\" data-id=\"044d4d1\" data-element_type=\"column\" data-e-type=\"column\">\n\t\t\t<div class=\"elementor-widget-wrap elementor-element-populated\">\n\t\t\t\t\t\t<div class=\"elementor-element elementor-element-c420e65 elementor-widget elementor-widget-heading\" data-id=\"c420e65\" data-element_type=\"widget\" data-e-type=\"widget\" data-widget_type=\"heading.default\">\n\t\t\t\t<div class=\"elementor-widget-container\">\n\t\t\t\t\t<h1 class=\"elementor-heading-title elementor-size-default\">Privacy policy<\/h1>\t\t\t\t<\/div>\n\t\t\t\t<\/div>\n\t\t\t\t\t<\/div>\n\t\t<\/div>\n\t\t\t\t\t<\/div>\n\t\t<\/section>\n\t\t\t\t<section class=\"elementor-section elementor-top-section elementor-element elementor-element-7d0c54e elementor-section-boxed elementor-section-height-default elementor-section-height-default\" data-id=\"7d0c54e\" data-element_type=\"section\" data-e-type=\"section\">\n\t\t\t\t\t\t<div class=\"elementor-container elementor-column-gap-default\">\n\t\t\t\t\t<div class=\"elementor-column elementor-col-100 elementor-top-column elementor-element elementor-element-f04b3db\" data-id=\"f04b3db\" data-element_type=\"column\" data-e-type=\"column\">\n\t\t\t<div class=\"elementor-widget-wrap elementor-element-populated\">\n\t\t\t\t\t\t<div class=\"elementor-element elementor-element-cbb0754 elementor-widget elementor-widget-text-editor\" data-id=\"cbb0754\" data-element_type=\"widget\" data-e-type=\"widget\" data-widget_type=\"text-editor.default\">\n\t\t\t\t<div class=\"elementor-widget-container\">\n\t\t\t\t\t\t\t\t\t<div class=\"page\" title=\"Page 1\">\n<div class=\"layoutArea\">\n<div class=\"column\">\n<p>Lacedemon.com para proteger los derechos individuales, sobre todo en relacio\u0301n con los tratamientos automatizados y con voluntad de ser transparentes con el Usuario, ha establecido una poli\u0301tica que recoge el conjunto de dichos tratamientos, los fines perseguidos por estos u\u0301ltimos, la legitimidad de los mismos y tambie\u0301n los instrumentos a disposicio\u0301n del Usuario para que pueda ejercer sus derechos.<\/p>\n<\/div>\n<\/div>\n<\/div>\t\t\t\t\t\t\t\t<\/div>\n\t\t\t\t<\/div>\n\t\t\t\t<div class=\"elementor-element elementor-element-2de557d elementor-widget elementor-widget-text-editor\" data-id=\"2de557d\" data-element_type=\"widget\" data-e-type=\"widget\" data-widget_type=\"text-editor.default\">\n\t\t\t\t<div class=\"elementor-widget-container\">\n\t\t\t\t\t\t\t\t\t<div class=\"page\" title=\"Page 1\"><div class=\"layoutArea\"><div class=\"column\"><p>The navigation on this website implies the full acceptance of the following provisions and conditions of use. The use of cookies will be accepted. In case of disagreement, please send an email to\u00a0<a href=\"mailto:josemanuelbarbasanchez@gmail.com\"><span style=\"font-weight: 400;\">josemanuelbarbasanchez@gmail.com<\/span><\/a><\/p><\/div><\/div><\/div>\t\t\t\t\t\t\t\t<\/div>\n\t\t\t\t<\/div>\n\t\t\t\t<div class=\"elementor-element elementor-element-e7d77a6 elementor-widget elementor-widget-text-editor\" data-id=\"e7d77a6\" data-element_type=\"widget\" data-e-type=\"widget\" data-widget_type=\"text-editor.default\">\n\t\t\t\t<div class=\"elementor-widget-container\">\n\t\t\t\t\t\t\t\t\t<div class=\"page\" title=\"Page 1\"><div class=\"layoutArea\"><div class=\"column\"><p>The updated version of this privacy policy is the only one applicable during the duration of the use of the website until another version replaces it.<\/p><\/div><\/div><\/div>\t\t\t\t\t\t\t\t<\/div>\n\t\t\t\t<\/div>\n\t\t\t\t<div class=\"elementor-element elementor-element-8a89d4f elementor-widget elementor-widget-text-editor\" data-id=\"8a89d4f\" data-element_type=\"widget\" data-e-type=\"widget\" data-widget_type=\"text-editor.default\">\n\t\t\t\t<div class=\"elementor-widget-container\">\n\t\t\t\t\t\t\t\t\t<div class=\"page\" title=\"Page 1\"><div class=\"layoutArea\"><div class=\"column\"><p>For further complementary information about the protection of personal data, we invite you to consult the website of the <span style=\"text-decoration: underline;\"><a href=\"https:\/\/www.agpd.es\/portalwebAGPD \/index-ides-idphp.php\" data-wplink-url-error=\"true\">AEPD<\/a><\/span>(Agencia Espan\u0303ola de Proteccio\u0301n de Datos).<\/p><\/div><\/div><\/div>\t\t\t\t\t\t\t\t<\/div>\n\t\t\t\t<\/div>\n\t\t\t\t<div class=\"elementor-element elementor-element-96bd765 elementor-widget elementor-widget-heading\" data-id=\"96bd765\" data-element_type=\"widget\" data-e-type=\"widget\" data-widget_type=\"heading.default\">\n\t\t\t\t<div class=\"elementor-widget-container\">\n\t\t\t\t\t<h2 class=\"elementor-heading-title elementor-size-default\">Data collection<\/h2>\t\t\t\t<\/div>\n\t\t\t\t<\/div>\n\t\t\t\t<div class=\"elementor-element elementor-element-f7d5ea1 elementor-widget elementor-widget-text-editor\" data-id=\"f7d5ea1\" data-element_type=\"widget\" data-e-type=\"widget\" data-widget_type=\"text-editor.default\">\n\t\t\t\t<div class=\"elementor-widget-container\">\n\t\t\t\t\t\t\t\t\t<div class=\"page\" title=\"Page 1\"><div class=\"layoutArea\"><div class=\"column\"><p>Your data is collected by the HOLDER.<br \/>A personal data refers to any information related to an identified or identifiable natural person (data subject). An identifiable person is one who can be identified, directly or indirectly, especially by reference to a name, an identification number (ID card, tax identification number, passport), or one or more specific elements, characteristic of their physical, physiological, genetic, mental, economic, cultural, or social identity.<\/p><\/div><\/div><\/div>\t\t\t\t\t\t\t\t<\/div>\n\t\t\t\t<\/div>\n\t\t\t\t<div class=\"elementor-element elementor-element-48026e6 elementor-widget elementor-widget-text-editor\" data-id=\"48026e6\" data-element_type=\"widget\" data-e-type=\"widget\" data-widget_type=\"text-editor.default\">\n\t\t\t\t<div class=\"elementor-widget-container\">\n\t\t\t\t\t\t\t\t\t<div class=\"page\" title=\"Page 1\"><div class=\"layoutArea\"><div class=\"column\"><p>The data that will generally be collected are: Name and surname, address, email address, telephone number, date of birth, and payment-related information. Other types of data may also be collected, with the user being informed accordingly.<\/p><\/div><\/div><\/div>\t\t\t\t\t\t\t\t<\/div>\n\t\t\t\t<\/div>\n\t\t\t\t<div class=\"elementor-element elementor-element-c1d2311 elementor-widget elementor-widget-heading\" data-id=\"c1d2311\" data-element_type=\"widget\" data-e-type=\"widget\" data-widget_type=\"heading.default\">\n\t\t\t\t<div class=\"elementor-widget-container\">\n\t\t\t\t\t<h2 class=\"elementor-heading-title elementor-size-default\">What is the purpose of processing your personal data?<\/h2>\t\t\t\t<\/div>\n\t\t\t\t<\/div>\n\t\t\t\t<div class=\"elementor-element elementor-element-c03317e elementor-widget elementor-widget-text-editor\" data-id=\"c03317e\" data-element_type=\"widget\" data-e-type=\"widget\" data-widget_type=\"text-editor.default\">\n\t\t\t\t<div class=\"elementor-widget-container\">\n\t\t\t\t\t\t\t\t\t<div class=\"page\" title=\"Page 1\"><div class=\"layoutArea\"><div class=\"column\"><p>The purpose of processing the personal data that may be collected is primarily for the HOLDER to manage their relationship with you, offer you products and services according to your interests, improve your user experience, and, if necessary, process your requests, inquiries, or orders. A commercial profile will be created based on the information you provide. No automated decisions will be made based on this profile.<\/p><\/div><\/div><\/div>\t\t\t\t\t\t\t\t<\/div>\n\t\t\t\t<\/div>\n\t\t\t\t<div class=\"elementor-element elementor-element-740a202 elementor-widget elementor-widget-text-editor\" data-id=\"740a202\" data-element_type=\"widget\" data-e-type=\"widget\" data-widget_type=\"text-editor.default\">\n\t\t\t\t<div class=\"elementor-widget-container\">\n\t\t\t\t\t\t\t\t\t<div class=\"page\" title=\"Page 1\"><div class=\"layoutArea\"><div class=\"column\"><p>The provided data will be kept for as long as the commercial relationship is maintained, unless the interested party requests its deletion, or for the years necessary to fulfill legal obligations.<\/p><\/div><\/div><\/div>\t\t\t\t\t\t\t\t<\/div>\n\t\t\t\t<\/div>\n\t\t\t\t<div class=\"elementor-element elementor-element-e602082 elementor-widget elementor-widget-text-editor\" data-id=\"e602082\" data-element_type=\"widget\" data-e-type=\"widget\" data-widget_type=\"text-editor.default\">\n\t\t\t\t<div class=\"elementor-widget-container\">\n\t\t\t\t\t\t\t\t\t<div class=\"page\" title=\"Page 1\"><div class=\"layoutArea\"><div class=\"column\"><p>They will be recorded in the client file and their processing will be recorded in the register of treatments that the OWNER must keep (before May 25, 2018, it could also be included in the file prepared with the personal data registered with the AEPD (Spanish Data Protection Agency) or competent body of the respective Autonomous Community).<\/p><\/div><\/div><\/div>\t\t\t\t\t\t\t\t<\/div>\n\t\t\t\t<\/div>\n\t\t\t\t<div class=\"elementor-element elementor-element-9c555e9 elementor-widget elementor-widget-heading\" data-id=\"9c555e9\" data-element_type=\"widget\" data-e-type=\"widget\" data-widget_type=\"heading.default\">\n\t\t\t\t<div class=\"elementor-widget-container\">\n\t\t\t\t\t<h2 class=\"elementor-heading-title elementor-size-default\">What is the legal basis for processing your data?<\/h2>\t\t\t\t<\/div>\n\t\t\t\t<\/div>\n\t\t\t\t<div class=\"elementor-element elementor-element-9f5dedc elementor-widget elementor-widget-text-editor\" data-id=\"9f5dedc\" data-element_type=\"widget\" data-e-type=\"widget\" data-widget_type=\"text-editor.default\">\n\t\t\t\t<div class=\"elementor-widget-container\">\n\t\t\t\t\t\t\t\t\t<div class=\"page\" title=\"Page 1\"><div class=\"layoutArea\"><div class=\"column\"><p>The legal basis for the processing of your personal data is:<\/p><p>-The correct execution or fulfillment of the contract<br \/>- The legitimate interest of the OWNER<br \/>- User or client consent for data processing<\/p><\/div><\/div><\/div>\t\t\t\t\t\t\t\t<\/div>\n\t\t\t\t<\/div>\n\t\t\t\t<div class=\"elementor-element elementor-element-cb5807d elementor-widget elementor-widget-heading\" data-id=\"cb5807d\" data-element_type=\"widget\" data-e-type=\"widget\" data-widget_type=\"heading.default\">\n\t\t\t\t<div class=\"elementor-widget-container\">\n\t\t\t\t\t<h2 class=\"elementor-heading-title elementor-size-default\">To which recipients will the data be communicated?<\/h2>\t\t\t\t<\/div>\n\t\t\t\t<\/div>\n\t\t\t\t<div class=\"elementor-element elementor-element-bcabc79 elementor-widget elementor-widget-text-editor\" data-id=\"bcabc79\" data-element_type=\"widget\" data-e-type=\"widget\" data-widget_type=\"text-editor.default\">\n\t\t\t\t<div class=\"elementor-widget-container\">\n\t\t\t\t\t\t\t\t\t<div class=\"page\" title=\"Page 2\"><div class=\"layoutArea\"><div class=\"column\"><p>The User's personal data may eventually be communicated to third parties related to the HOLDER by contract for the performance of the necessary tasks for the management of their client account without having to give their authorization.<\/p><p>Also, when communications need to be made to the authorities in case the User has taken actions contrary to the Law or violated the contents of the legal notice.<\/p><p>User data may be communicated to other companies within the group, if any, for internal administrative purposes that may involve processing of such data.<\/p><p>User personal data may be transferred to a third country or to an international organization, but the User must be informed when such transfer is to occur, as well as the conditions of the transfer and the recipient.<\/p><p>When some data is mandatory to access specific functionalities of the website, the OWNER will indicate this mandatory nature at the time of collecting the User's data.<\/p><\/div><\/div><\/div>\t\t\t\t\t\t\t\t<\/div>\n\t\t\t\t<\/div>\n\t\t\t\t<div class=\"elementor-element elementor-element-7d2d0c3 elementor-widget elementor-widget-heading\" data-id=\"7d2d0c3\" data-element_type=\"widget\" data-e-type=\"widget\" data-widget_type=\"heading.default\">\n\t\t\t\t<div class=\"elementor-widget-container\">\n\t\t\t\t\t<h2 class=\"elementor-heading-title elementor-size-default\">Cookies<\/h2>\t\t\t\t<\/div>\n\t\t\t\t<\/div>\n\t\t\t\t<div class=\"elementor-element elementor-element-f2b5ac5 elementor-widget elementor-widget-text-editor\" data-id=\"f2b5ac5\" data-element_type=\"widget\" data-e-type=\"widget\" data-widget_type=\"text-editor.default\">\n\t\t\t\t<div class=\"elementor-widget-container\">\n\t\t\t\t\t\t\t\t\t<div class=\"page\" title=\"Page 2\"><div class=\"layoutArea\"><div class=\"column\"><p>During the first navigation, an explanatory banner about the use of cookies will appear, which includes the option to accept all cookies or only technical cookies, essential for the operation of the platform; excluding analytical and advertising cookies.<\/p><p>For more information, please consult my cookie policy.<\/p><\/div><\/div><\/div>\t\t\t\t\t\t\t\t<\/div>\n\t\t\t\t<\/div>\n\t\t\t\t<div class=\"elementor-element elementor-element-570e57c elementor-widget elementor-widget-heading\" data-id=\"570e57c\" data-element_type=\"widget\" data-e-type=\"widget\" data-widget_type=\"heading.default\">\n\t\t\t\t<div class=\"elementor-widget-container\">\n\t\t\t\t\t<h2 class=\"elementor-heading-title elementor-size-default\">User rights<\/h2>\t\t\t\t<\/div>\n\t\t\t\t<\/div>\n\t\t\t\t<div class=\"elementor-element elementor-element-40448b3 elementor-widget elementor-widget-text-editor\" data-id=\"40448b3\" data-element_type=\"widget\" data-e-type=\"widget\" data-widget_type=\"text-editor.default\">\n\t\t\t\t<div class=\"elementor-widget-container\">\n\t\t\t\t\t\t\t\t\t<div class=\"page\" title=\"Page 2\"><div class=\"layoutArea\"><div class=\"column\"><p>Users are informed of the possibility of exercising their rights of access, rectification, cancellation, and opposition. Additionally, individuals have the right to limit the processing of their personal data, the right to request the deletion of personal data transferred to the data controller, and the right to data portability.<\/p><p>The user has the possibility to file a complaint with the AEPD (Spanish Data Protection Agency) or the competent authority of the respective Autonomous Community when they have not obtained a satisfactory solution in the exercise of their rights through a written request addressed to the agency.<\/p><p>Unless the User objects by sending an email to the email address <a href=\"mailto:josemanuelbarbasanchez@gmail.com\"><span style=\"font-weight: 400;\">josemanuelbarbasanchez@gmail.com<\/span><\/a>, your data may be used, if applicable, for the sending of commercial information from Jose Manuel Barba S\u00e1nchez unless the User objects by sending an email to the email address provided.<\/p><p>The provided data will be kept for as long as the commercial relationship is maintained or for the years necessary to comply with legal obligations.<\/p><p>The User is responsible for ensuring that the information provided through this website is accurate, being liable for the accuracy of all the data communicated, and will keep it updated to reflect a real situation. The User is responsible for any false or inaccurate information provided and for any damages, inconveniences, or problems that may cause to Jose Manuel Barba S\u00e1nchez or third parties.<\/p><p>That information will be stored and managed with due confidentiality, applying the necessary computer security measures to prevent unauthorized access or misuse of your data, its manipulation, deterioration, or loss.<\/p><p>However, the User should be aware that the security of computer systems is never absolute. When personal data is provided over the internet, this information may be collected without consent and processed by unauthorized third parties.<br \/>Jose Manuel Barba S\u00e1nchez declines any responsibility for the consequences of such acts that may have for the User, if they voluntarily published the information.<\/p><div class=\"page\" title=\"Page 3\"><div class=\"layoutArea\"><div class=\"column\"><p>You may access and exercise those rights by written and signed request, which can be sent to the address Calle Pinar del Valsa\u00edn 15, Segovia \u2013 Spain, attaching a photocopy of your ID card or equivalent document.<\/p><div class=\"page\" title=\"Page 3\"><div class=\"layoutArea\"><div class=\"column\"><p>The request can also be sent to the following email address: <a href=\"mailto:josemanuelbarbasanchez@gmail.com\"><span style=\"font-weight: 400;\">josemanuelbarbasanchez@gmail.com<\/span><\/a><\/p><div class=\"page\" title=\"Page 3\"><div class=\"layoutArea\"><div class=\"column\"><p>These rights will be addressed within a period of 1 month, which may be extended to 2 months if the complexity of the request or the number of requests received so requires. All this without prejudice to the obligation to retain certain data in legal terms and until the possible responsibilities arising from possible treatment, or, where appropriate, from a contractual relationship, are prescribed.<\/p><div class=\"page\" title=\"Page 3\"><div class=\"layoutArea\"><div class=\"column\"><p>In addition to the above, and in relation to data protection regulations, users who request it have the possibility to organize the destination of their data after their death.<\/p><\/div><\/div><\/div><\/div><\/div><\/div><\/div><\/div><\/div><\/div><\/div><\/div><\/div><\/div><\/div>\t\t\t\t\t\t\t\t<\/div>\n\t\t\t\t<\/div>\n\t\t\t\t\t<\/div>\n\t\t<\/div>\n\t\t\t\t\t<\/div>\n\t\t<\/section>\n\t\t\t\t<\/div>","protected":false},"excerpt":{"rendered":"<p>Pol\u00edtica de privacidad Lacedemon.com para proteger los derechos individuales, sobre todo en relacio\u0301n con los tratamientos automatizados y con voluntad de ser transparentes con el Usuario, ha establecido una poli\u0301tica que recoge el conjunto de dichos tratamientos, los fines perseguidos por estos u\u0301ltimos, la legitimidad de los mismos y tambie\u0301n los instrumentos a disposicio\u0301n del &#8230; <a title=\"Privacy policy\" class=\"read-more\" href=\"https:\/\/lacedemon.com\/en\/privacy-policy\/\" aria-label=\"Read more about Pol\u00edtica de privacidad\">Read more<\/a><\/p>","protected":false},"author":6,"featured_media":0,"parent":0,"menu_order":0,"comment_status":"closed","ping_status":"closed","template":"elementor_header_footer","meta":{"nf_dc_page":"","footnotes":""},"class_list":["post-3334","page","type-page","status-publish"],"yoast_head":"<!-- This site is optimized with the Yoast SEO plugin v27.5 - https:\/\/yoast.com\/product\/yoast-seo-wordpress\/ -->\n<title>\u25b7 Pol\u00edtica de privacidad | Lacedemon<\/title>\n<meta name=\"description\" content=\"Aqu\u00ed tienes toda la pol\u00edtica de privacidad del sitio Flutteracademy.\" \/>\n<meta name=\"robots\" content=\"noindex, follow\" \/>\n<meta property=\"og:locale\" content=\"en_GB\" \/>\n<meta property=\"og:type\" content=\"article\" \/>\n<meta property=\"og:title\" content=\"\u25b7 Pol\u00edtica de privacidad | Lacedemon\" \/>\n<meta property=\"og:description\" content=\"Aqu\u00ed tienes toda la pol\u00edtica de privacidad del sitio Flutteracademy.\" \/>\n<meta property=\"og:url\" content=\"https:\/\/lacedemon.com\/en\/privacy-policy\/\" \/>\n<meta property=\"og:site_name\" content=\"Lacedemon\" \/>\n<meta property=\"article:modified_time\" content=\"2025-05-04T12:06:39+00:00\" \/>\n<meta property=\"og:image\" content=\"https:\/\/i0.wp.com\/lacedemon.com\/wp-content\/uploads\/2022\/10\/Logo-flutteracademy.png?fit=200%2C200&ssl=1\" \/>\n\t<meta property=\"og:image:width\" content=\"200\" \/>\n\t<meta property=\"og:image:height\" content=\"200\" \/>\n\t<meta property=\"og:image:type\" content=\"image\/png\" \/>\n<meta name=\"twitter:card\" content=\"summary_large_image\" \/>\n<meta name=\"twitter:site\" content=\"@josemanuel_tech\" \/>\n<script type=\"application\/ld+json\" class=\"yoast-schema-graph\">{\"@context\":\"https:\\\/\\\/schema.org\",\"@graph\":[{\"@type\":\"WebPage\",\"@id\":\"https:\\\/\\\/lacedemon.com\\\/politica-de-privacidad\\\/\",\"url\":\"https:\\\/\\\/lacedemon.com\\\/politica-de-privacidad\\\/\",\"name\":\"\u25b7 Pol\u00edtica de privacidad | Lacedemon\",\"isPartOf\":{\"@id\":\"https:\\\/\\\/lacedemon.com\\\/#website\"},\"datePublished\":\"2023-01-03T12:14:40+00:00\",\"dateModified\":\"2025-05-04T12:06:39+00:00\",\"description\":\"Aqu\u00ed tienes toda la pol\u00edtica de privacidad del sitio Flutteracademy.\",\"breadcrumb\":{\"@id\":\"https:\\\/\\\/lacedemon.com\\\/politica-de-privacidad\\\/#breadcrumb\"},\"inLanguage\":\"en-GB\",\"potentialAction\":[{\"@type\":\"ReadAction\",\"target\":[\"https:\\\/\\\/lacedemon.com\\\/politica-de-privacidad\\\/\"]}]},{\"@type\":\"BreadcrumbList\",\"@id\":\"https:\\\/\\\/lacedemon.com\\\/politica-de-privacidad\\\/#breadcrumb\",\"itemListElement\":[{\"@type\":\"ListItem\",\"position\":1,\"name\":\"Inicio\",\"item\":\"https:\\\/\\\/lacedemon.com\\\/\"},{\"@type\":\"ListItem\",\"position\":2,\"name\":\"Pol\u00edtica de privacidad\"}]},{\"@type\":\"WebSite\",\"@id\":\"https:\\\/\\\/lacedemon.com\\\/#website\",\"url\":\"https:\\\/\\\/lacedemon.com\\\/\",\"name\":\"Lacedemon\",\"description\":\"Democratizaci\u00f3n de la tecnolog\u00eda \u2014 Partner tecnol\u00f3gico estrat\u00e9gico\",\"publisher\":{\"@id\":\"https:\\\/\\\/lacedemon.com\\\/#organization\"},\"potentialAction\":[{\"@type\":\"SearchAction\",\"target\":{\"@type\":\"EntryPoint\",\"urlTemplate\":\"https:\\\/\\\/lacedemon.com\\\/?s={search_term_string}\"},\"query-input\":{\"@type\":\"PropertyValueSpecification\",\"valueRequired\":true,\"valueName\":\"search_term_string\"}}],\"inLanguage\":\"en-GB\"},{\"@type\":\"Organization\",\"@id\":\"https:\\\/\\\/lacedemon.com\\\/#organization\",\"name\":\"lacedemon\",\"url\":\"https:\\\/\\\/lacedemon.com\\\/\",\"logo\":{\"@type\":\"ImageObject\",\"inLanguage\":\"en-GB\",\"@id\":\"https:\\\/\\\/lacedemon.com\\\/#\\\/schema\\\/logo\\\/image\\\/\",\"url\":\"https:\\\/\\\/i0.wp.com\\\/lacedemon.com\\\/wp-content\\\/uploads\\\/2022\\\/10\\\/Logo-flutteracademy.png?fit=200%2C200&ssl=1\",\"contentUrl\":\"https:\\\/\\\/i0.wp.com\\\/lacedemon.com\\\/wp-content\\\/uploads\\\/2022\\\/10\\\/Logo-flutteracademy.png?fit=200%2C200&ssl=1\",\"width\":200,\"height\":200,\"caption\":\"lacedemon\"},\"image\":{\"@id\":\"https:\\\/\\\/lacedemon.com\\\/#\\\/schema\\\/logo\\\/image\\\/\"},\"sameAs\":[\"https:\\\/\\\/x.com\\\/josemanuel_tech\"]}]}<\/script>\n<!-- \/ Yoast SEO plugin. -->","yoast_head_json":{"title":"\u25b7 Pol\u00edtica de privacidad | Lacedemon","description":"Here is the privacy policy of Flutter Academy","robots":{"index":"noindex","follow":"follow"},"og_locale":"en_GB","og_type":"article","og_title":"\u25b7 Pol\u00edtica de privacidad | Lacedemon","og_description":"Aqu\u00ed tienes toda la pol\u00edtica de privacidad del sitio Flutteracademy.","og_url":"https:\/\/lacedemon.com\/en\/privacy-policy\/","og_site_name":"Lacedemon","article_modified_time":"2025-05-04T12:06:39+00:00","og_image":[{"width":200,"height":200,"url":"https:\/\/i0.wp.com\/lacedemon.com\/wp-content\/uploads\/2022\/10\/Logo-flutteracademy.png?fit=200%2C200&ssl=1","type":"image\/png"}],"twitter_card":"summary_large_image","twitter_site":"@josemanuel_tech","schema":{"@context":"https:\/\/schema.org","@graph":[{"@type":"WebPage","@id":"https:\/\/lacedemon.com\/politica-de-privacidad\/","url":"https:\/\/lacedemon.com\/politica-de-privacidad\/","name":"\u25b7 Pol\u00edtica de privacidad | Lacedemon","isPartOf":{"@id":"https:\/\/lacedemon.com\/#website"},"datePublished":"2023-01-03T12:14:40+00:00","dateModified":"2025-05-04T12:06:39+00:00","description":"Here is the privacy policy of Flutter Academy","breadcrumb":{"@id":"https:\/\/lacedemon.com\/politica-de-privacidad\/#breadcrumb"},"inLanguage":"en-GB","potentialAction":[{"@type":"ReadAction","target":["https:\/\/lacedemon.com\/politica-de-privacidad\/"]}]},{"@type":"BreadcrumbList","@id":"https:\/\/lacedemon.com\/politica-de-privacidad\/#breadcrumb","itemListElement":[{"@type":"ListItem","position":1,"name":"Inicio","item":"https:\/\/lacedemon.com\/"},{"@type":"ListItem","position":2,"name":"Pol\u00edtica de privacidad"}]},{"@type":"WebSite","@id":"https:\/\/lacedemon.com\/#website","url":"https:\/\/lacedemon.com\/","name":"Lacedemon","description":"Democratizaci\u00f3n de la tecnolog\u00eda \u2014 Partner tecnol\u00f3gico estrat\u00e9gico","publisher":{"@id":"https:\/\/lacedemon.com\/#organization"},"potentialAction":[{"@type":"SearchAction","target":{"@type":"EntryPoint","urlTemplate":"https:\/\/lacedemon.com\/?s={search_term_string}"},"query-input":{"@type":"PropertyValueSpecification","valueRequired":true,"valueName":"search_term_string"}}],"inLanguage":"en-GB"},{"@type":"Organization","@id":"https:\/\/lacedemon.com\/#organization","name":"lacedemon","url":"https:\/\/lacedemon.com\/","logo":{"@type":"ImageObject","inLanguage":"en-GB","@id":"https:\/\/lacedemon.com\/#\/schema\/logo\/image\/","url":"https:\/\/i0.wp.com\/lacedemon.com\/wp-content\/uploads\/2022\/10\/Logo-flutteracademy.png?fit=200%2C200&ssl=1","contentUrl":"https:\/\/i0.wp.com\/lacedemon.com\/wp-content\/uploads\/2022\/10\/Logo-flutteracademy.png?fit=200%2C200&ssl=1","width":200,"height":200,"caption":"lacedemon"},"image":{"@id":"https:\/\/lacedemon.com\/#\/schema\/logo\/image\/"},"sameAs":["https:\/\/x.com\/josemanuel_tech"]}]}},"jetpack_sharing_enabled":true,"_links":{"self":[{"href":"https:\/\/lacedemon.com\/en\/wp-json\/wp\/v2\/pages\/3334","targetHints":{"allow":["GET"]}}],"collection":[{"href":"https:\/\/lacedemon.com\/en\/wp-json\/wp\/v2\/pages"}],"about":[{"href":"https:\/\/lacedemon.com\/en\/wp-json\/wp\/v2\/types\/page"}],"author":[{"embeddable":true,"href":"https:\/\/lacedemon.com\/en\/wp-json\/wp\/v2\/users\/6"}],"replies":[{"embeddable":true,"href":"https:\/\/lacedemon.com\/en\/wp-json\/wp\/v2\/comments?post=3334"}],"version-history":[{"count":5,"href":"https:\/\/lacedemon.com\/en\/wp-json\/wp\/v2\/pages\/3334\/revisions"}],"predecessor-version":[{"id":5971,"href":"https:\/\/lacedemon.com\/en\/wp-json\/wp\/v2\/pages\/3334\/revisions\/5971"}],"wp:attachment":[{"href":"https:\/\/lacedemon.com\/en\/wp-json\/wp\/v2\/media?parent=3334"}],"curies":[{"name":"wp","href":"https:\/\/api.w.org\/{rel}","templated":true}]}}