{"id":3827,"date":"2023-01-04T13:41:20","date_gmt":"2023-01-04T12:41:20","guid":{"rendered":"https:\/\/flutteracademy.app\/?page_id=3827"},"modified":"2025-05-04T13:09:23","modified_gmt":"2025-05-04T12:09:23","slug":"politica-de-cookies","status":"publish","type":"page","link":"https:\/\/lacedemon.com\/en\/cookie-policy\/","title":{"rendered":"Cookie policy"},"content":{"rendered":"<div data-elementor-type=\"wp-page\" data-elementor-id=\"3827\" class=\"elementor elementor-3827\" data-elementor-post-type=\"page\">\n\t\t\t\t\t\t<section class=\"elementor-section elementor-top-section elementor-element elementor-element-89cd483 elementor-section-boxed elementor-section-height-default elementor-section-height-default\" data-id=\"89cd483\" data-element_type=\"section\" data-e-type=\"section\">\n\t\t\t\t\t\t<div class=\"elementor-container elementor-column-gap-default\">\n\t\t\t\t\t<div class=\"elementor-column elementor-col-100 elementor-top-column elementor-element elementor-element-3b38cd4\" data-id=\"3b38cd4\" data-element_type=\"column\" data-e-type=\"column\">\n\t\t\t<div class=\"elementor-widget-wrap elementor-element-populated\">\n\t\t\t\t\t\t<div class=\"elementor-element elementor-element-8a31086 elementor-widget elementor-widget-heading\" data-id=\"8a31086\" data-element_type=\"widget\" data-e-type=\"widget\" data-widget_type=\"heading.default\">\n\t\t\t\t<div class=\"elementor-widget-container\">\n\t\t\t\t\t<h1 class=\"elementor-heading-title elementor-size-default\">Cookie policy<\/h1>\t\t\t\t<\/div>\n\t\t\t\t<\/div>\n\t\t\t\t\t<\/div>\n\t\t<\/div>\n\t\t\t\t\t<\/div>\n\t\t<\/section>\n\t\t\t\t<section class=\"elementor-section elementor-top-section elementor-element elementor-element-fe35734 elementor-section-boxed elementor-section-height-default elementor-section-height-default\" data-id=\"fe35734\" data-element_type=\"section\" data-e-type=\"section\">\n\t\t\t\t\t\t<div class=\"elementor-container elementor-column-gap-default\">\n\t\t\t\t\t<div class=\"elementor-column elementor-col-100 elementor-top-column elementor-element elementor-element-f520d9a\" data-id=\"f520d9a\" data-element_type=\"column\" data-e-type=\"column\">\n\t\t\t<div class=\"elementor-widget-wrap elementor-element-populated\">\n\t\t\t\t\t\t<div class=\"elementor-element elementor-element-b296f70 elementor-widget elementor-widget-heading\" data-id=\"b296f70\" data-element_type=\"widget\" data-e-type=\"widget\" data-widget_type=\"heading.default\">\n\t\t\t\t<div class=\"elementor-widget-container\">\n\t\t\t\t\t<h2 class=\"elementor-heading-title elementor-size-default\">1. Cookie usage<\/h2>\t\t\t\t<\/div>\n\t\t\t\t<\/div>\n\t\t\t\t<div class=\"elementor-element elementor-element-8d36397 elementor-widget elementor-widget-text-editor\" data-id=\"8d36397\" data-element_type=\"widget\" data-e-type=\"widget\" data-widget_type=\"text-editor.default\">\n\t\t\t\t<div class=\"elementor-widget-container\">\n\t\t\t\t\t\t\t\t\t<div class=\"page\" title=\"Page 1\"><div class=\"layoutArea\"><div class=\"column\">La pa\u0301gina web lacedemon.com titularidad de Jose Manuel Barba Sa\u0301nchez utiliza cookies.<br \/>Cookies are files that are downloaded to your computer when you access certain websites. Cookies allow a website, among other things, to store and retrieve information about a user's browsing habits or their computer, depending on the information they contain and how you use your computer.<\/div><\/div><\/div>\t\t\t\t\t\t\t\t<\/div>\n\t\t\t\t<\/div>\n\t\t\t\t<div class=\"elementor-element elementor-element-4468d1d elementor-widget elementor-widget-text-editor\" data-id=\"4468d1d\" data-element_type=\"widget\" data-e-type=\"widget\" data-widget_type=\"text-editor.default\">\n\t\t\t\t<div class=\"elementor-widget-container\">\n\t\t\t\t\t\t\t\t\t<div class=\"page\" title=\"Page 1\"><div class=\"layoutArea\"><div class=\"column\"><div class=\"page\" title=\"Page 1\"><div class=\"layoutArea\"><div class=\"column\"><p>In addition, they improve your browsing process, as they allow the website to offer the user information that may be of interest to them based on their use of it and its content.<br \/>If you do not wish to receive cookies, please configure your Internet browser to delete them from the hard drive of your computer, block them, or alert you in case of installation. To continue without changes to the cookie settings, simply continue on the website.<\/p><\/div><\/div><\/div><\/div><\/div><\/div>\t\t\t\t\t\t\t\t<\/div>\n\t\t\t\t<\/div>\n\t\t\t\t<div class=\"elementor-element elementor-element-83462e3 elementor-widget elementor-widget-heading\" data-id=\"83462e3\" data-element_type=\"widget\" data-e-type=\"widget\" data-widget_type=\"heading.default\">\n\t\t\t\t<div class=\"elementor-widget-container\">\n\t\t\t\t\t<h2 class=\"elementor-heading-title elementor-size-default\">2. Consent<\/h2>\t\t\t\t<\/div>\n\t\t\t\t<\/div>\n\t\t\t\t<div class=\"elementor-element elementor-element-59e2a27 elementor-widget elementor-widget-text-editor\" data-id=\"59e2a27\" data-element_type=\"widget\" data-e-type=\"widget\" data-widget_type=\"text-editor.default\">\n\t\t\t\t<div class=\"elementor-widget-container\">\n\t\t\t\t\t\t\t\t\t<div class=\"page\" title=\"Page 1\"><div class=\"layoutArea\"><div class=\"column\"><p>The cookies we use do not store any personal data or any information that could identify you unless you voluntarily register to use the services we provide or to receive information about promotions and content of interest to you.<br \/>By browsing and continuing on our website, you indicate that you consent to the use of the aforementioned cookies, and under the conditions contained in this cookie policy. If you do not agree, please send an email to\u00a0<a href=\"mailto:josemanuelbarbasanchez@gmail.com\"><span style=\"font-weight: 400;\">josemanuelbarbasanchez@gmail.com<\/span><\/a><\/p><p>\u00a0<\/p><\/div><\/div><\/div>\t\t\t\t\t\t\t\t<\/div>\n\t\t\t\t<\/div>\n\t\t\t\t<div class=\"elementor-element elementor-element-b4266a2 elementor-widget elementor-widget-heading\" data-id=\"b4266a2\" data-element_type=\"widget\" data-e-type=\"widget\" data-widget_type=\"heading.default\">\n\t\t\t\t<div class=\"elementor-widget-container\">\n\t\t\t\t\t<h2 class=\"elementor-heading-title elementor-size-default\">The types and purposes of cookies<\/h2>\t\t\t\t<\/div>\n\t\t\t\t<\/div>\n\t\t\t\t<div class=\"elementor-element elementor-element-87ef2aa elementor-widget elementor-widget-text-editor\" data-id=\"87ef2aa\" data-element_type=\"widget\" data-e-type=\"widget\" data-widget_type=\"text-editor.default\">\n\t\t\t\t<div class=\"elementor-widget-container\">\n\t\t\t\t\t\t\t\t\t<div class=\"page\" title=\"Page 1\"><div class=\"layoutArea\"><div class=\"column\"><p>Cookies, according to their duration, can be classified as:<\/p><ul><li>Session cookies: expire when the user closes the browser.<\/li><li>Persistent cookies: expire based on when they serve their purpose (for example, to keep the user identified on the website and its services or when they are manually deleted).<\/li><\/ul><\/div><\/div><\/div>\t\t\t\t\t\t\t\t<\/div>\n\t\t\t\t<\/div>\n\t\t\t\t<div class=\"elementor-element elementor-element-e531387 elementor-widget elementor-widget-text-editor\" data-id=\"e531387\" data-element_type=\"widget\" data-e-type=\"widget\" data-widget_type=\"text-editor.default\">\n\t\t\t\t<div class=\"elementor-widget-container\">\n\t\t\t\t\t\t\t\t\t<div class=\"page\" title=\"Page 1\"><div class=\"layoutArea\"><div class=\"column\"><p><strong>Cookies based on their purpose<\/strong> can be classified as follows:<\/p><ul><li><strong>Performance cookies<\/strong> (technical and customization): This type of cookie remembers your preferences for tools found in the services, so you don't have to reset the service each time you visit. For example, this typology includes settings for video or sound player volume and video streaming speeds that are compatible with your browser.<\/li><li><strong>Geolocation cookies:<\/strong> These cookies are used to determine in which country you are located when a service is requested. This cookie is completely anonymous and is only used to help target content to your location.<\/li><\/ul><p><strong>Registration cookies<\/strong> (technical and customization cookies): Registration cookies are generated once the user has registered or subsequently logged in, and are used to identify them in the services for the following purposes<\/p><div class=\"page\" title=\"Page 1\"><div class=\"layoutArea\"><div class=\"column\"><ul><li>Keep the User identified so that if they close a service, the browser, or the computer and later on another day they return to said service, they will still be identified, thus facilitating their navigation without having to identify themselves again. This functionality can be suppressed if the user clicks on the \"log out\" feature, in which case this Cookie is deleted, and the next time the user accesses the service, they will have to log in to be identified.<\/li><li>ChatGPT\nCheck if the user is authorized to access certain services, for example, to participate in a contest.<\/li><\/ul><\/div><\/div><\/div><\/div><\/div><\/div>\t\t\t\t\t\t\t\t<\/div>\n\t\t\t\t<\/div>\n\t\t\t\t<div class=\"elementor-element elementor-element-33debdd elementor-widget elementor-widget-text-editor\" data-id=\"33debdd\" data-element_type=\"widget\" data-e-type=\"widget\" data-widget_type=\"text-editor.default\">\n\t\t\t\t<div class=\"elementor-widget-container\">\n\t\t\t\t\t\t\t\t\t<div class=\"page\" title=\"Page 2\"><div class=\"layoutArea\"><div class=\"column\"><p><strong>Analytics cookies:<\/strong> Every time a user visits a service or information on the website or a tool from an external provider (such as Google Analytics, Comscore, and similar ones that may be added to this list if they vary from the current ones), an analytical cookie is generated on the user's computer. This cookie, which is only generated during the visit, will serve on subsequent visits to the website's services to anonymously identify the visitor. The main objectives pursued are:<\/p><ul><li>Allow anonymous identification of browsing users through the cookie (identifying browsers and devices, not individuals), and therefore, the approximate counting of the number of visitors and their trend over time.<br \/>Anonymously identify the most visited content and therefore the most attractive to users.<\/li><li><span style=\"font-size: inherit;\">Know if the user accessing is new or returning. Important: Unless the user decides to register for a service or content on the website, the cookie will never be associated with any personal data that can identify them. Such Cookies will only be used for statistical purposes to help optimize the user experience on the website.<\/span><\/li><\/ul><\/div><\/div><\/div>\t\t\t\t\t\t\t\t<\/div>\n\t\t\t\t<\/div>\n\t\t\t\t<div class=\"elementor-element elementor-element-8d57603 elementor-widget elementor-widget-text-editor\" data-id=\"8d57603\" data-element_type=\"widget\" data-e-type=\"widget\" data-widget_type=\"text-editor.default\">\n\t\t\t\t<div class=\"elementor-widget-container\">\n\t\t\t\t\t\t\t\t\t<div class=\"page\" title=\"Page 2\"><div class=\"layoutArea\"><div class=\"column\"><p><strong>Own advertising cookies:<\/strong> They serve to manage the website owner if a User has visited the advertising included or not. They also allow the management of advertising spaces on the page by storing data about the User's behavior during navigation to offer them advertising.<\/p><p><strong>Cookies publicitarias de terceros:<\/strong> In addition to the advertising managed directly by the website in its content or services, it may offer advertisers the option to serve ads through third parties (\"AdServers\"). Therefore, these third parties may store cookies sent from the website's content through users' browsers, as well as access the data stored in them. The companies that generate these cookies have their own privacy policies.<\/p><\/div><\/div><\/div>\t\t\t\t\t\t\t\t<\/div>\n\t\t\t\t<\/div>\n\t\t\t\t<div class=\"elementor-element elementor-element-52d0d28 elementor-widget elementor-widget-heading\" data-id=\"52d0d28\" data-element_type=\"widget\" data-e-type=\"widget\" data-widget_type=\"heading.default\">\n\t\t\t\t<div class=\"elementor-widget-container\">\n\t\t\t\t\t<h2 class=\"elementor-heading-title elementor-size-default\">4. How to block or delete installed cookies<\/h2>\t\t\t\t<\/div>\n\t\t\t\t<\/div>\n\t\t\t\t<div class=\"elementor-element elementor-element-e50c47a elementor-widget elementor-widget-text-editor\" data-id=\"e50c47a\" data-element_type=\"widget\" data-e-type=\"widget\" data-widget_type=\"text-editor.default\">\n\t\t\t\t<div class=\"elementor-widget-container\">\n\t\t\t\t\t\t\t\t\t<div class=\"page\" title=\"Page 2\"><div class=\"layoutArea\"><div class=\"column\"><p>You can allow, block, or delete installed cookies on your device by configuring your browser settings. You can find information on how to do this for the most common browsers in the following links:<\/p><\/div><\/div><\/div>\t\t\t\t\t\t\t\t<\/div>\n\t\t\t\t<\/div>\n\t\t\t\t<div class=\"elementor-element elementor-element-617221c elementor-widget elementor-widget-text-editor\" data-id=\"617221c\" data-element_type=\"widget\" data-e-type=\"widget\" data-widget_type=\"text-editor.default\">\n\t\t\t\t<div class=\"elementor-widget-container\">\n\t\t\t\t\t\t\t\t\t<ul><li><span style=\"text-decoration: underline;\"><a href=\"https:\/\/support.microsoft.com\/es-es\/kb\/278835\">Explorer<\/a><\/span><\/li><li><span style=\"text-decoration: underline;\"><a href=\"http:\/\/support.google.com\/chrome\/bin\/answer.py?hl=es&amp;answer=95647\">Chrome<\/a><\/span><\/li><li><span style=\"text-decoration: underline;\"><a href=\"https:\/\/support.mozilla.org\/es\/kb\/Borrar%20cookies\">Firefox<\/a><\/span><\/li><li><span style=\"text-decoration: underline;\"><a href=\"http:\/\/support.apple.com\/kb\/ph5042\">Safari<\/a><\/span><\/li><\/ul>\t\t\t\t\t\t\t\t<\/div>\n\t\t\t\t<\/div>\n\t\t\t\t<div class=\"elementor-element elementor-element-271a9ef elementor-widget elementor-widget-text-editor\" data-id=\"271a9ef\" data-element_type=\"widget\" data-e-type=\"widget\" data-widget_type=\"text-editor.default\">\n\t\t\t\t<div class=\"elementor-widget-container\">\n\t\t\t\t\t\t\t\t\t<div class=\"page\" title=\"Page 2\"><div class=\"layoutArea\"><div class=\"column\"><p>We inform you, however, that disabling certain cookies may prevent or hinder navigation or the provision of services offered on the website.<\/p><\/div><\/div><\/div>\t\t\t\t\t\t\t\t<\/div>\n\t\t\t\t<\/div>\n\t\t\t\t<div class=\"elementor-element elementor-element-33c4f98 elementor-widget elementor-widget-heading\" data-id=\"33c4f98\" data-element_type=\"widget\" data-e-type=\"widget\" data-widget_type=\"heading.default\">\n\t\t\t\t<div class=\"elementor-widget-container\">\n\t\t\t\t\t<h2 class=\"elementor-heading-title elementor-size-default\">5.Modifications<\/h2>\t\t\t\t<\/div>\n\t\t\t\t<\/div>\n\t\t\t\t<div class=\"elementor-element elementor-element-864427d elementor-widget elementor-widget-text-editor\" data-id=\"864427d\" data-element_type=\"widget\" data-e-type=\"widget\" data-widget_type=\"text-editor.default\">\n\t\t\t\t<div class=\"elementor-widget-container\">\n\t\t\t\t\t\t\t\t\t<div class=\"page\" title=\"Page 2\"><div class=\"layoutArea\"><div class=\"column\"><p>The website flutteracademy.app, owned by Jose Manuel Barba S\u00e1nchez, may modify this cookie policy based on legal requirements or to adapt it to the instructions issued by the Spanish Data Protection Agency.<br \/>For this reason, we advise users to visit it periodically. When significant changes occur in this cookie policy, they will be communicated to users either through the website or via email to registered users.<\/p><\/div><\/div><\/div>\t\t\t\t\t\t\t\t<\/div>\n\t\t\t\t<\/div>\n\t\t\t\t\t<\/div>\n\t\t<\/div>\n\t\t\t\t\t<\/div>\n\t\t<\/section>\n\t\t\t\t<\/div>","protected":false},"excerpt":{"rendered":"<p>Pol\u00edtica de cookies 1. Uso de cookies La pa\u0301gina web lacedemon.com titularidad de Jose Manuel Barba Sa\u0301nchez utiliza cookies.Las cookies son ficheros que se descargan en su ordenador al acceder a determinadas pa\u0301ginas web. Las cookies permiten a una pa\u0301gina web, entre otras cosas, almacenar y recuperar informacio\u0301n sobre los ha\u0301bitos de navegacio\u0301n de un &#8230; <a title=\"Cookie policy\" class=\"read-more\" href=\"https:\/\/lacedemon.com\/en\/cookie-policy\/\" aria-label=\"Read more about Pol\u00edtica de cookies\">Read more<\/a><\/p>","protected":false},"author":6,"featured_media":0,"parent":0,"menu_order":0,"comment_status":"closed","ping_status":"closed","template":"elementor_header_footer","meta":{"nf_dc_page":"","footnotes":""},"class_list":["post-3827","page","type-page","status-publish"],"yoast_head":"<!-- This site is optimized with the Yoast SEO plugin v27.5 - https:\/\/yoast.com\/product\/yoast-seo-wordpress\/ -->\n<title>\u25b7 Pol\u00edtica de cookies | Lacedemon<\/title>\n<meta name=\"description\" content=\"Aqu\u00ed tienes toda la pol\u00edtica de cookies del sitio Flutteracademy.\" \/>\n<meta name=\"robots\" content=\"noindex, follow\" \/>\n<meta property=\"og:locale\" content=\"en_GB\" \/>\n<meta property=\"og:type\" content=\"article\" \/>\n<meta property=\"og:title\" content=\"\u25b7 Pol\u00edtica de cookies | Lacedemon\" \/>\n<meta property=\"og:description\" content=\"Aqu\u00ed tienes toda la pol\u00edtica de cookies del sitio Flutteracademy.\" \/>\n<meta property=\"og:url\" content=\"https:\/\/lacedemon.com\/en\/cookie-policy\/\" \/>\n<meta property=\"og:site_name\" content=\"Lacedemon\" \/>\n<meta property=\"article:modified_time\" content=\"2025-05-04T12:09:23+00:00\" \/>\n<meta property=\"og:image\" content=\"https:\/\/i0.wp.com\/lacedemon.com\/wp-content\/uploads\/2022\/10\/Logo-flutteracademy.png?fit=200%2C200&ssl=1\" \/>\n\t<meta property=\"og:image:width\" content=\"200\" \/>\n\t<meta property=\"og:image:height\" content=\"200\" \/>\n\t<meta property=\"og:image:type\" content=\"image\/png\" \/>\n<meta name=\"twitter:card\" content=\"summary_large_image\" \/>\n<meta name=\"twitter:site\" content=\"@josemanuel_tech\" \/>\n<script type=\"application\/ld+json\" class=\"yoast-schema-graph\">{\"@context\":\"https:\\\/\\\/schema.org\",\"@graph\":[{\"@type\":\"WebPage\",\"@id\":\"https:\\\/\\\/lacedemon.com\\\/politica-de-cookies\\\/\",\"url\":\"https:\\\/\\\/lacedemon.com\\\/politica-de-cookies\\\/\",\"name\":\"\u25b7 Pol\u00edtica de cookies | Lacedemon\",\"isPartOf\":{\"@id\":\"https:\\\/\\\/lacedemon.com\\\/#website\"},\"datePublished\":\"2023-01-04T12:41:20+00:00\",\"dateModified\":\"2025-05-04T12:09:23+00:00\",\"description\":\"Aqu\u00ed tienes toda la pol\u00edtica de cookies del sitio Flutteracademy.\",\"breadcrumb\":{\"@id\":\"https:\\\/\\\/lacedemon.com\\\/politica-de-cookies\\\/#breadcrumb\"},\"inLanguage\":\"en-GB\",\"potentialAction\":[{\"@type\":\"ReadAction\",\"target\":[\"https:\\\/\\\/lacedemon.com\\\/politica-de-cookies\\\/\"]}]},{\"@type\":\"BreadcrumbList\",\"@id\":\"https:\\\/\\\/lacedemon.com\\\/politica-de-cookies\\\/#breadcrumb\",\"itemListElement\":[{\"@type\":\"ListItem\",\"position\":1,\"name\":\"Inicio\",\"item\":\"https:\\\/\\\/lacedemon.com\\\/\"},{\"@type\":\"ListItem\",\"position\":2,\"name\":\"Pol\u00edtica de cookies\"}]},{\"@type\":\"WebSite\",\"@id\":\"https:\\\/\\\/lacedemon.com\\\/#website\",\"url\":\"https:\\\/\\\/lacedemon.com\\\/\",\"name\":\"Lacedemon\",\"description\":\"Democratizaci\u00f3n de la tecnolog\u00eda \u2014 Partner tecnol\u00f3gico estrat\u00e9gico\",\"publisher\":{\"@id\":\"https:\\\/\\\/lacedemon.com\\\/#organization\"},\"potentialAction\":[{\"@type\":\"SearchAction\",\"target\":{\"@type\":\"EntryPoint\",\"urlTemplate\":\"https:\\\/\\\/lacedemon.com\\\/?s={search_term_string}\"},\"query-input\":{\"@type\":\"PropertyValueSpecification\",\"valueRequired\":true,\"valueName\":\"search_term_string\"}}],\"inLanguage\":\"en-GB\"},{\"@type\":\"Organization\",\"@id\":\"https:\\\/\\\/lacedemon.com\\\/#organization\",\"name\":\"lacedemon\",\"url\":\"https:\\\/\\\/lacedemon.com\\\/\",\"logo\":{\"@type\":\"ImageObject\",\"inLanguage\":\"en-GB\",\"@id\":\"https:\\\/\\\/lacedemon.com\\\/#\\\/schema\\\/logo\\\/image\\\/\",\"url\":\"https:\\\/\\\/i0.wp.com\\\/lacedemon.com\\\/wp-content\\\/uploads\\\/2022\\\/10\\\/Logo-flutteracademy.png?fit=200%2C200&ssl=1\",\"contentUrl\":\"https:\\\/\\\/i0.wp.com\\\/lacedemon.com\\\/wp-content\\\/uploads\\\/2022\\\/10\\\/Logo-flutteracademy.png?fit=200%2C200&ssl=1\",\"width\":200,\"height\":200,\"caption\":\"lacedemon\"},\"image\":{\"@id\":\"https:\\\/\\\/lacedemon.com\\\/#\\\/schema\\\/logo\\\/image\\\/\"},\"sameAs\":[\"https:\\\/\\\/x.com\\\/josemanuel_tech\"]}]}<\/script>\n<!-- \/ Yoast SEO plugin. -->","yoast_head_json":{"title":"\u25b7 Pol\u00edtica de cookies | Lacedemon","description":"Here is the full cookie policy of the Flutteracademy website","robots":{"index":"noindex","follow":"follow"},"og_locale":"en_GB","og_type":"article","og_title":"\u25b7 Pol\u00edtica de cookies | Lacedemon","og_description":"Aqu\u00ed tienes toda la pol\u00edtica de cookies del sitio Flutteracademy.","og_url":"https:\/\/lacedemon.com\/en\/cookie-policy\/","og_site_name":"Lacedemon","article_modified_time":"2025-05-04T12:09:23+00:00","og_image":[{"width":200,"height":200,"url":"https:\/\/i0.wp.com\/lacedemon.com\/wp-content\/uploads\/2022\/10\/Logo-flutteracademy.png?fit=200%2C200&ssl=1","type":"image\/png"}],"twitter_card":"summary_large_image","twitter_site":"@josemanuel_tech","schema":{"@context":"https:\/\/schema.org","@graph":[{"@type":"WebPage","@id":"https:\/\/lacedemon.com\/politica-de-cookies\/","url":"https:\/\/lacedemon.com\/politica-de-cookies\/","name":"\u25b7 Pol\u00edtica de cookies | Lacedemon","isPartOf":{"@id":"https:\/\/lacedemon.com\/#website"},"datePublished":"2023-01-04T12:41:20+00:00","dateModified":"2025-05-04T12:09:23+00:00","description":"Here is the full cookie policy of the Flutteracademy website","breadcrumb":{"@id":"https:\/\/lacedemon.com\/politica-de-cookies\/#breadcrumb"},"inLanguage":"en-GB","potentialAction":[{"@type":"ReadAction","target":["https:\/\/lacedemon.com\/politica-de-cookies\/"]}]},{"@type":"BreadcrumbList","@id":"https:\/\/lacedemon.com\/politica-de-cookies\/#breadcrumb","itemListElement":[{"@type":"ListItem","position":1,"name":"Inicio","item":"https:\/\/lacedemon.com\/"},{"@type":"ListItem","position":2,"name":"Pol\u00edtica de cookies"}]},{"@type":"WebSite","@id":"https:\/\/lacedemon.com\/#website","url":"https:\/\/lacedemon.com\/","name":"Lacedemon","description":"Democratizaci\u00f3n de la tecnolog\u00eda \u2014 Partner tecnol\u00f3gico estrat\u00e9gico","publisher":{"@id":"https:\/\/lacedemon.com\/#organization"},"potentialAction":[{"@type":"SearchAction","target":{"@type":"EntryPoint","urlTemplate":"https:\/\/lacedemon.com\/?s={search_term_string}"},"query-input":{"@type":"PropertyValueSpecification","valueRequired":true,"valueName":"search_term_string"}}],"inLanguage":"en-GB"},{"@type":"Organization","@id":"https:\/\/lacedemon.com\/#organization","name":"lacedemon","url":"https:\/\/lacedemon.com\/","logo":{"@type":"ImageObject","inLanguage":"en-GB","@id":"https:\/\/lacedemon.com\/#\/schema\/logo\/image\/","url":"https:\/\/i0.wp.com\/lacedemon.com\/wp-content\/uploads\/2022\/10\/Logo-flutteracademy.png?fit=200%2C200&ssl=1","contentUrl":"https:\/\/i0.wp.com\/lacedemon.com\/wp-content\/uploads\/2022\/10\/Logo-flutteracademy.png?fit=200%2C200&ssl=1","width":200,"height":200,"caption":"lacedemon"},"image":{"@id":"https:\/\/lacedemon.com\/#\/schema\/logo\/image\/"},"sameAs":["https:\/\/x.com\/josemanuel_tech"]}]}},"jetpack_sharing_enabled":true,"_links":{"self":[{"href":"https:\/\/lacedemon.com\/en\/wp-json\/wp\/v2\/pages\/3827","targetHints":{"allow":["GET"]}}],"collection":[{"href":"https:\/\/lacedemon.com\/en\/wp-json\/wp\/v2\/pages"}],"about":[{"href":"https:\/\/lacedemon.com\/en\/wp-json\/wp\/v2\/types\/page"}],"author":[{"embeddable":true,"href":"https:\/\/lacedemon.com\/en\/wp-json\/wp\/v2\/users\/6"}],"replies":[{"embeddable":true,"href":"https:\/\/lacedemon.com\/en\/wp-json\/wp\/v2\/comments?post=3827"}],"version-history":[{"count":5,"href":"https:\/\/lacedemon.com\/en\/wp-json\/wp\/v2\/pages\/3827\/revisions"}],"predecessor-version":[{"id":5974,"href":"https:\/\/lacedemon.com\/en\/wp-json\/wp\/v2\/pages\/3827\/revisions\/5974"}],"wp:attachment":[{"href":"https:\/\/lacedemon.com\/en\/wp-json\/wp\/v2\/media?parent=3827"}],"curies":[{"name":"wp","href":"https:\/\/api.w.org\/{rel}","templated":true}]}}