{"id":4738,"date":"2023-01-11T12:48:32","date_gmt":"2023-01-11T11:48:32","guid":{"rendered":"https:\/\/flutteracademy.app\/?page_id=4738"},"modified":"2023-02-17T10:45:16","modified_gmt":"2023-02-17T09:45:16","slug":"formacion","status":"publish","type":"page","link":"https:\/\/lacedemon.com\/en\/training\/","title":{"rendered":"Training"},"content":{"rendered":"<div data-elementor-type=\"wp-page\" data-elementor-id=\"4738\" class=\"elementor elementor-4738\" data-elementor-post-type=\"page\">\n\t\t\t\t\t\t<section class=\"elementor-section elementor-top-section elementor-element elementor-element-c92cb51 elementor-section-height-full elementor-section-items-top elementor-section-boxed elementor-section-height-default\" data-id=\"c92cb51\" data-element_type=\"section\" data-e-type=\"section\">\n\t\t\t\t\t\t<div class=\"elementor-container elementor-column-gap-default\">\n\t\t\t\t\t<div class=\"elementor-column elementor-col-33 elementor-top-column elementor-element elementor-element-45325cb\" data-id=\"45325cb\" data-element_type=\"column\" data-e-type=\"column\">\n\t\t\t<div class=\"elementor-widget-wrap elementor-element-populated\">\n\t\t\t\t\t\t<div class=\"elementor-element elementor-element-e25361d elementor-position-top elementor-widget elementor-widget-image-box\" data-id=\"e25361d\" data-element_type=\"widget\" data-e-type=\"widget\" data-widget_type=\"image-box.default\">\n\t\t\t\t<div class=\"elementor-widget-container\">\n\t\t\t\t\t<div class=\"elementor-image-box-wrapper\"><figure class=\"elementor-image-box-img\"><img fetchpriority=\"high\" decoding=\"async\" width=\"440\" height=\"390\" src=\"https:\/\/i0.wp.com\/lacedemon.com\/wp-content\/uploads\/2023\/01\/formacion-empresas-academias.png?fit=440%2C390&amp;ssl=1\" class=\"attachment-full size-full wp-image-3478\" alt=\"training for companies and academies\" srcset=\"https:\/\/i0.wp.com\/lacedemon.com\/wp-content\/uploads\/2023\/01\/formacion-empresas-academias.png?w=440&amp;ssl=1 440w, https:\/\/i0.wp.com\/lacedemon.com\/wp-content\/uploads\/2023\/01\/formacion-empresas-academias.png?resize=300%2C266&amp;ssl=1 300w\" sizes=\"(max-width: 440px) 100vw, 440px\" \/><\/figure><div class=\"elementor-image-box-content\"><h3 class=\"elementor-image-box-title\">Businesses or academic institutions<\/h3><p class=\"elementor-image-box-description\">I can help train your employees or students in the latest, most innovative, and scalable app development technologies. Training to become resourceful professionals.<\/p><\/div><\/div>\t\t\t\t<\/div>\n\t\t\t\t<\/div>\n\t\t\t\t<div class=\"elementor-element elementor-element-ee0749f elementor-align-center elementor-widget elementor-widget-button\" data-id=\"ee0749f\" data-element_type=\"widget\" data-e-type=\"widget\" data-settings=\"{&quot;_animation&quot;:&quot;none&quot;}\" data-widget_type=\"button.default\">\n\t\t\t\t<div class=\"elementor-widget-container\">\n\t\t\t\t\t\t\t\t\t<div class=\"elementor-button-wrapper\">\n\t\t\t\t\t<a class=\"elementor-button elementor-button-link elementor-size-sm\" href=\"https:\/\/lacedemon.com\/en\/group-training\/\" target=\"_blank\">\n\t\t\t\t\t\t<span class=\"elementor-button-content-wrapper\">\n\t\t\t\t\t\t\t\t\t<span class=\"elementor-button-text\">Learn more<\/span>\n\t\t\t\t\t<\/span>\n\t\t\t\t\t<\/a>\n\t\t\t\t<\/div>\n\t\t\t\t\t\t\t\t<\/div>\n\t\t\t\t<\/div>\n\t\t\t\t\t<\/div>\n\t\t<\/div>\n\t\t\t\t<div class=\"elementor-column elementor-col-33 elementor-top-column elementor-element elementor-element-2a73a6e\" data-id=\"2a73a6e\" data-element_type=\"column\" data-e-type=\"column\">\n\t\t\t<div class=\"elementor-widget-wrap elementor-element-populated\">\n\t\t\t\t\t\t<div class=\"elementor-element elementor-element-185a9ae elementor-position-top elementor-widget elementor-widget-image-box\" data-id=\"185a9ae\" data-element_type=\"widget\" data-e-type=\"widget\" data-widget_type=\"image-box.default\">\n\t\t\t\t<div class=\"elementor-widget-container\">\n\t\t\t\t\t<div class=\"elementor-image-box-wrapper\"><figure class=\"elementor-image-box-img\"><img decoding=\"async\" width=\"440\" height=\"390\" src=\"https:\/\/i0.wp.com\/lacedemon.com\/wp-content\/uploads\/2023\/01\/formacion-individual-apps.png?fit=440%2C390&amp;ssl=1\" class=\"attachment-full size-full wp-image-3482\" alt=\"Individual App Training\" srcset=\"https:\/\/i0.wp.com\/lacedemon.com\/wp-content\/uploads\/2023\/01\/formacion-individual-apps.png?w=440&amp;ssl=1 440w, https:\/\/i0.wp.com\/lacedemon.com\/wp-content\/uploads\/2023\/01\/formacion-individual-apps.png?resize=300%2C266&amp;ssl=1 300w\" sizes=\"(max-width: 440px) 100vw, 440px\" \/><\/figure><div class=\"elementor-image-box-content\"><h4 class=\"elementor-image-box-title\">Individual Training<\/h4><p class=\"elementor-image-box-description\">I provide you with the training you need to learn how to develop an app from scratch until you achieve a 100% professional result. Here's how you can do it.<\/p><\/div><\/div>\t\t\t\t<\/div>\n\t\t\t\t<\/div>\n\t\t\t\t<div class=\"elementor-element elementor-element-4d2541f elementor-align-center elementor-widget elementor-widget-button\" data-id=\"4d2541f\" data-element_type=\"widget\" data-e-type=\"widget\" data-settings=\"{&quot;_animation&quot;:&quot;none&quot;}\" data-widget_type=\"button.default\">\n\t\t\t\t<div class=\"elementor-widget-container\">\n\t\t\t\t\t\t\t\t\t<div class=\"elementor-button-wrapper\">\n\t\t\t\t\t<a class=\"elementor-button elementor-button-link elementor-size-sm\" href=\"https:\/\/lacedemon.com\/en\/individual-training\/\" target=\"_blank\">\n\t\t\t\t\t\t<span class=\"elementor-button-content-wrapper\">\n\t\t\t\t\t\t\t\t\t<span class=\"elementor-button-text\">Learn more<\/span>\n\t\t\t\t\t<\/span>\n\t\t\t\t\t<\/a>\n\t\t\t\t<\/div>\n\t\t\t\t\t\t\t\t<\/div>\n\t\t\t\t<\/div>\n\t\t\t\t\t<\/div>\n\t\t<\/div>\n\t\t\t\t<div class=\"elementor-column elementor-col-33 elementor-top-column elementor-element elementor-element-cbdce05\" data-id=\"cbdce05\" data-element_type=\"column\" data-e-type=\"column\">\n\t\t\t<div class=\"elementor-widget-wrap elementor-element-populated\">\n\t\t\t\t\t\t<div class=\"elementor-element elementor-element-0d534c1 elementor-position-top elementor-widget elementor-widget-image-box\" data-id=\"0d534c1\" data-element_type=\"widget\" data-e-type=\"widget\" data-widget_type=\"image-box.default\">\n\t\t\t\t<div class=\"elementor-widget-container\">\n\t\t\t\t\t<div class=\"elementor-image-box-wrapper\"><figure class=\"elementor-image-box-img\"><img decoding=\"async\" width=\"440\" height=\"390\" src=\"https:\/\/i0.wp.com\/lacedemon.com\/wp-content\/uploads\/2023\/02\/portada-dart-y-flutter-para-dummies2.png?fit=440%2C390&amp;ssl=1\" class=\"attachment-full size-full wp-image-5233\" alt=\"\" srcset=\"https:\/\/i0.wp.com\/lacedemon.com\/wp-content\/uploads\/2023\/02\/portada-dart-y-flutter-para-dummies2.png?w=440&amp;ssl=1 440w, https:\/\/i0.wp.com\/lacedemon.com\/wp-content\/uploads\/2023\/02\/portada-dart-y-flutter-para-dummies2.png?resize=300%2C266&amp;ssl=1 300w\" sizes=\"(max-width: 440px) 100vw, 440px\" \/><\/figure><div class=\"elementor-image-box-content\"><h4 class=\"elementor-image-box-title\">Dart and Flutter for Dummies<\/h4><p class=\"elementor-image-box-description\">Are you interested in starting from scratch and don't know where to begin? Establishing a good foundation is essential for learning how to program. If that's the case, this course is designed for you!<\/p><\/div><\/div>\t\t\t\t<\/div>\n\t\t\t\t<\/div>\n\t\t\t\t<div class=\"elementor-element elementor-element-fec7611 elementor-align-center elementor-widget elementor-widget-button\" data-id=\"fec7611\" data-element_type=\"widget\" data-e-type=\"widget\" data-settings=\"{&quot;_animation&quot;:&quot;none&quot;}\" data-widget_type=\"button.default\">\n\t\t\t\t<div class=\"elementor-widget-container\">\n\t\t\t\t\t\t\t\t\t<div class=\"elementor-button-wrapper\">\n\t\t\t\t\t<a class=\"elementor-button elementor-button-link elementor-size-sm\" href=\"https:\/\/flutteracademy.thinkific.com\/courses\/dart-flutter-dummy\" target=\"_blank\">\n\t\t\t\t\t\t<span class=\"elementor-button-content-wrapper\">\n\t\t\t\t\t\t\t\t\t<span class=\"elementor-button-text\">Do you want it?<\/span>\n\t\t\t\t\t<\/span>\n\t\t\t\t\t<\/a>\n\t\t\t\t<\/div>\n\t\t\t\t\t\t\t\t<\/div>\n\t\t\t\t<\/div>\n\t\t\t\t\t<\/div>\n\t\t<\/div>\n\t\t\t\t\t<\/div>\n\t\t<\/section>\n\t\t\t\t<\/div>","protected":false},"excerpt":{"rendered":"<p>Empresas o academias Puedo ayudarte a formar a tus trabajadores o alumnos en las \u00faltimas, m\u00e1s innovadoras y escalables tecnolog\u00edas de desarrollo de aplicaciones. Formaci\u00f3n para convertirse profesionales resolutivos. Saber m\u00e1s Formaci\u00f3n Individual Te proporciono la formaci\u00f3n que necesitas para que aprendas a desarrollar una app desde cero hasta conseguir un resultado 100% profesional. As\u00ed &#8230; <a title=\"Training\" class=\"read-more\" href=\"https:\/\/lacedemon.com\/en\/training\/\" aria-label=\"Read more about Formaci\u00f3n\">Read more<\/a><\/p>","protected":false},"author":6,"featured_media":0,"parent":0,"menu_order":0,"comment_status":"closed","ping_status":"closed","template":"elementor_header_footer","meta":{"nf_dc_page":"","footnotes":""},"class_list":["post-4738","page","type-page","status-publish"],"yoast_head":"<!-- This site is optimized with the Yoast SEO plugin v27.5 - https:\/\/yoast.com\/product\/yoast-seo-wordpress\/ -->\n<title>Elige tu FORMACI\u00d3N en Desarrollo de APPS | Individual &amp; Grupal<\/title>\n<meta name=\"description\" content=\"Formaci\u00f3n - Lacedemon\" \/>\n<meta name=\"robots\" content=\"index, follow, max-snippet:-1, max-image-preview:large, max-video-preview:-1\" \/>\n<link rel=\"canonical\" href=\"https:\/\/flutteracademy.app\/formacion\/\" \/>\n<meta property=\"og:locale\" content=\"en_GB\" \/>\n<meta property=\"og:type\" content=\"article\" \/>\n<meta property=\"og:title\" content=\"Elige tu FORMACI\u00d3N en Desarrollo de APPS | Individual &amp; Grupal\" \/>\n<meta property=\"og:description\" content=\"Formaci\u00f3n - Lacedemon\" \/>\n<meta property=\"og:url\" content=\"https:\/\/flutteracademy.app\/formacion\/\" \/>\n<meta property=\"og:site_name\" content=\"Lacedemon\" \/>\n<meta property=\"article:modified_time\" content=\"2023-02-17T09:45:16+00:00\" \/>\n<meta property=\"og:image\" content=\"https:\/\/flutteracademy.app\/wp-content\/uploads\/2023\/01\/formacion-empresas-academias.png\" \/>\n<meta name=\"twitter:card\" content=\"summary_large_image\" \/>\n<meta name=\"twitter:site\" content=\"@josemanuel_tech\" \/>\n<script type=\"application\/ld+json\" class=\"yoast-schema-graph\">{\"@context\":\"https:\\\/\\\/schema.org\",\"@graph\":[{\"@type\":\"WebPage\",\"@id\":\"https:\\\/\\\/flutteracademy.app\\\/formacion\\\/\",\"url\":\"https:\\\/\\\/flutteracademy.app\\\/formacion\\\/\",\"name\":\"Elige tu FORMACI\u00d3N en Desarrollo de APPS | Individual & Grupal\",\"isPartOf\":{\"@id\":\"https:\\\/\\\/lacedemon.com\\\/#website\"},\"primaryImageOfPage\":{\"@id\":\"https:\\\/\\\/flutteracademy.app\\\/formacion\\\/#primaryimage\"},\"image\":{\"@id\":\"https:\\\/\\\/flutteracademy.app\\\/formacion\\\/#primaryimage\"},\"thumbnailUrl\":\"https:\\\/\\\/lacedemon.com\\\/wp-content\\\/uploads\\\/2023\\\/01\\\/formacion-empresas-academias.png\",\"datePublished\":\"2023-01-11T11:48:32+00:00\",\"dateModified\":\"2023-02-17T09:45:16+00:00\",\"description\":\"Formaci\u00f3n - Lacedemon\",\"breadcrumb\":{\"@id\":\"https:\\\/\\\/flutteracademy.app\\\/formacion\\\/#breadcrumb\"},\"inLanguage\":\"en-GB\",\"potentialAction\":[{\"@type\":\"ReadAction\",\"target\":[\"https:\\\/\\\/flutteracademy.app\\\/formacion\\\/\"]}]},{\"@type\":\"ImageObject\",\"inLanguage\":\"en-GB\",\"@id\":\"https:\\\/\\\/flutteracademy.app\\\/formacion\\\/#primaryimage\",\"url\":\"https:\\\/\\\/lacedemon.com\\\/wp-content\\\/uploads\\\/2023\\\/01\\\/formacion-empresas-academias.png\",\"contentUrl\":\"https:\\\/\\\/lacedemon.com\\\/wp-content\\\/uploads\\\/2023\\\/01\\\/formacion-empresas-academias.png\"},{\"@type\":\"BreadcrumbList\",\"@id\":\"https:\\\/\\\/flutteracademy.app\\\/formacion\\\/#breadcrumb\",\"itemListElement\":[{\"@type\":\"ListItem\",\"position\":1,\"name\":\"Inicio\",\"item\":\"https:\\\/\\\/lacedemon.com\\\/\"},{\"@type\":\"ListItem\",\"position\":2,\"name\":\"Formaci\u00f3n\"}]},{\"@type\":\"WebSite\",\"@id\":\"https:\\\/\\\/lacedemon.com\\\/#website\",\"url\":\"https:\\\/\\\/lacedemon.com\\\/\",\"name\":\"Lacedemon\",\"description\":\"Democratizaci\u00f3n de la tecnolog\u00eda \u2014 Partner tecnol\u00f3gico estrat\u00e9gico\",\"publisher\":{\"@id\":\"https:\\\/\\\/lacedemon.com\\\/#organization\"},\"potentialAction\":[{\"@type\":\"SearchAction\",\"target\":{\"@type\":\"EntryPoint\",\"urlTemplate\":\"https:\\\/\\\/lacedemon.com\\\/?s={search_term_string}\"},\"query-input\":{\"@type\":\"PropertyValueSpecification\",\"valueRequired\":true,\"valueName\":\"search_term_string\"}}],\"inLanguage\":\"en-GB\"},{\"@type\":\"Organization\",\"@id\":\"https:\\\/\\\/lacedemon.com\\\/#organization\",\"name\":\"lacedemon\",\"url\":\"https:\\\/\\\/lacedemon.com\\\/\",\"logo\":{\"@type\":\"ImageObject\",\"inLanguage\":\"en-GB\",\"@id\":\"https:\\\/\\\/lacedemon.com\\\/#\\\/schema\\\/logo\\\/image\\\/\",\"url\":\"https:\\\/\\\/i0.wp.com\\\/lacedemon.com\\\/wp-content\\\/uploads\\\/2022\\\/10\\\/Logo-flutteracademy.png?fit=200%2C200&ssl=1\",\"contentUrl\":\"https:\\\/\\\/i0.wp.com\\\/lacedemon.com\\\/wp-content\\\/uploads\\\/2022\\\/10\\\/Logo-flutteracademy.png?fit=200%2C200&ssl=1\",\"width\":200,\"height\":200,\"caption\":\"lacedemon\"},\"image\":{\"@id\":\"https:\\\/\\\/lacedemon.com\\\/#\\\/schema\\\/logo\\\/image\\\/\"},\"sameAs\":[\"https:\\\/\\\/x.com\\\/josemanuel_tech\"]}]}<\/script>\n<!-- \/ Yoast SEO plugin. -->","yoast_head_json":{"title":"Choose your APP Development TRAINING | Individual &amp; Group","description":"Formaci\u00f3n - Lacedemon","robots":{"index":"index","follow":"follow","max-snippet":"max-snippet:-1","max-image-preview":"max-image-preview:large","max-video-preview":"max-video-preview:-1"},"canonical":"https:\/\/flutteracademy.app\/formacion\/","og_locale":"en_GB","og_type":"article","og_title":"Elige tu FORMACI\u00d3N en Desarrollo de APPS | Individual & Grupal","og_description":"Formaci\u00f3n - Lacedemon","og_url":"https:\/\/flutteracademy.app\/formacion\/","og_site_name":"Lacedemon","article_modified_time":"2023-02-17T09:45:16+00:00","og_image":[{"url":"https:\/\/flutteracademy.app\/wp-content\/uploads\/2023\/01\/formacion-empresas-academias.png","type":"","width":"","height":""}],"twitter_card":"summary_large_image","twitter_site":"@josemanuel_tech","schema":{"@context":"https:\/\/schema.org","@graph":[{"@type":"WebPage","@id":"https:\/\/flutteracademy.app\/formacion\/","url":"https:\/\/flutteracademy.app\/formacion\/","name":"Choose your APP Development TRAINING | Individual &amp; Group","isPartOf":{"@id":"https:\/\/lacedemon.com\/#website"},"primaryImageOfPage":{"@id":"https:\/\/flutteracademy.app\/formacion\/#primaryimage"},"image":{"@id":"https:\/\/flutteracademy.app\/formacion\/#primaryimage"},"thumbnailUrl":"https:\/\/lacedemon.com\/wp-content\/uploads\/2023\/01\/formacion-empresas-academias.png","datePublished":"2023-01-11T11:48:32+00:00","dateModified":"2023-02-17T09:45:16+00:00","description":"Formaci\u00f3n - Lacedemon","breadcrumb":{"@id":"https:\/\/flutteracademy.app\/formacion\/#breadcrumb"},"inLanguage":"en-GB","potentialAction":[{"@type":"ReadAction","target":["https:\/\/flutteracademy.app\/formacion\/"]}]},{"@type":"ImageObject","inLanguage":"en-GB","@id":"https:\/\/flutteracademy.app\/formacion\/#primaryimage","url":"https:\/\/lacedemon.com\/wp-content\/uploads\/2023\/01\/formacion-empresas-academias.png","contentUrl":"https:\/\/lacedemon.com\/wp-content\/uploads\/2023\/01\/formacion-empresas-academias.png"},{"@type":"BreadcrumbList","@id":"https:\/\/flutteracademy.app\/formacion\/#breadcrumb","itemListElement":[{"@type":"ListItem","position":1,"name":"Inicio","item":"https:\/\/lacedemon.com\/"},{"@type":"ListItem","position":2,"name":"Formaci\u00f3n"}]},{"@type":"WebSite","@id":"https:\/\/lacedemon.com\/#website","url":"https:\/\/lacedemon.com\/","name":"Lacedemon","description":"Democratizaci\u00f3n de la tecnolog\u00eda \u2014 Partner tecnol\u00f3gico estrat\u00e9gico","publisher":{"@id":"https:\/\/lacedemon.com\/#organization"},"potentialAction":[{"@type":"SearchAction","target":{"@type":"EntryPoint","urlTemplate":"https:\/\/lacedemon.com\/?s={search_term_string}"},"query-input":{"@type":"PropertyValueSpecification","valueRequired":true,"valueName":"search_term_string"}}],"inLanguage":"en-GB"},{"@type":"Organization","@id":"https:\/\/lacedemon.com\/#organization","name":"lacedemon","url":"https:\/\/lacedemon.com\/","logo":{"@type":"ImageObject","inLanguage":"en-GB","@id":"https:\/\/lacedemon.com\/#\/schema\/logo\/image\/","url":"https:\/\/i0.wp.com\/lacedemon.com\/wp-content\/uploads\/2022\/10\/Logo-flutteracademy.png?fit=200%2C200&ssl=1","contentUrl":"https:\/\/i0.wp.com\/lacedemon.com\/wp-content\/uploads\/2022\/10\/Logo-flutteracademy.png?fit=200%2C200&ssl=1","width":200,"height":200,"caption":"lacedemon"},"image":{"@id":"https:\/\/lacedemon.com\/#\/schema\/logo\/image\/"},"sameAs":["https:\/\/x.com\/josemanuel_tech"]}]}},"jetpack_sharing_enabled":true,"_links":{"self":[{"href":"https:\/\/lacedemon.com\/en\/wp-json\/wp\/v2\/pages\/4738","targetHints":{"allow":["GET"]}}],"collection":[{"href":"https:\/\/lacedemon.com\/en\/wp-json\/wp\/v2\/pages"}],"about":[{"href":"https:\/\/lacedemon.com\/en\/wp-json\/wp\/v2\/types\/page"}],"author":[{"embeddable":true,"href":"https:\/\/lacedemon.com\/en\/wp-json\/wp\/v2\/users\/6"}],"replies":[{"embeddable":true,"href":"https:\/\/lacedemon.com\/en\/wp-json\/wp\/v2\/comments?post=4738"}],"version-history":[{"count":5,"href":"https:\/\/lacedemon.com\/en\/wp-json\/wp\/v2\/pages\/4738\/revisions"}],"predecessor-version":[{"id":5284,"href":"https:\/\/lacedemon.com\/en\/wp-json\/wp\/v2\/pages\/4738\/revisions\/5284"}],"wp:attachment":[{"href":"https:\/\/lacedemon.com\/en\/wp-json\/wp\/v2\/media?parent=4738"}],"curies":[{"name":"wp","href":"https:\/\/api.w.org\/{rel}","templated":true}]}}