{"id":5818,"date":"2024-09-06T10:36:04","date_gmt":"2024-09-06T09:36:04","guid":{"rendered":"https:\/\/flutteracademy.app\/?page_id=5818"},"modified":"2024-10-10T14:50:17","modified_gmt":"2024-10-10T13:50:17","slug":"suscripcion-formacion","status":"publish","type":"page","link":"https:\/\/lacedemon.com\/en\/suscripcion-formacion\/","title":{"rendered":"Suscripci\u00f3n formaci\u00f3n"},"content":{"rendered":"<div data-elementor-type=\"wp-page\" data-elementor-id=\"5818\" class=\"elementor elementor-5818\" data-elementor-post-type=\"page\">\n\t\t\t\t\t\t<section class=\"elementor-section elementor-top-section elementor-element elementor-element-19c0e81 elementor-section-stretched elementor-section-boxed elementor-section-height-default elementor-section-height-default\" data-id=\"19c0e81\" data-element_type=\"section\" data-e-type=\"section\" data-settings=\"{&quot;stretch_section&quot;:&quot;section-stretched&quot;,&quot;background_background&quot;:&quot;gradient&quot;}\">\n\t\t\t\t\t\t<div class=\"elementor-container elementor-column-gap-default\">\n\t\t\t\t\t<div class=\"elementor-column elementor-col-100 elementor-top-column elementor-element elementor-element-43b23a1\" data-id=\"43b23a1\" data-element_type=\"column\" data-e-type=\"column\">\n\t\t\t<div class=\"elementor-widget-wrap elementor-element-populated\">\n\t\t\t\t\t\t<div class=\"elementor-element elementor-element-a7c362c elementor-widget elementor-widget-image\" data-id=\"a7c362c\" data-element_type=\"widget\" data-e-type=\"widget\" data-widget_type=\"image.default\">\n\t\t\t\t<div class=\"elementor-widget-container\">\n\t\t\t\t\t\t\t\t\t\t\t\t\t\t\t<img fetchpriority=\"high\" decoding=\"async\" width=\"900\" height=\"506\" src=\"https:\/\/i0.wp.com\/lacedemon.com\/wp-content\/uploads\/2024\/10\/Miniatura-Youtube-Ejercicio-llamativa-amarillo-Negro.png?fit=900%2C506&amp;ssl=1\" class=\"attachment-large size-large wp-image-5951\" alt=\"\" srcset=\"https:\/\/i0.wp.com\/lacedemon.com\/wp-content\/uploads\/2024\/10\/Miniatura-Youtube-Ejercicio-llamativa-amarillo-Negro.png?w=1280&amp;ssl=1 1280w, https:\/\/i0.wp.com\/lacedemon.com\/wp-content\/uploads\/2024\/10\/Miniatura-Youtube-Ejercicio-llamativa-amarillo-Negro.png?resize=300%2C169&amp;ssl=1 300w, https:\/\/i0.wp.com\/lacedemon.com\/wp-content\/uploads\/2024\/10\/Miniatura-Youtube-Ejercicio-llamativa-amarillo-Negro.png?resize=1024%2C576&amp;ssl=1 1024w, https:\/\/i0.wp.com\/lacedemon.com\/wp-content\/uploads\/2024\/10\/Miniatura-Youtube-Ejercicio-llamativa-amarillo-Negro.png?resize=768%2C432&amp;ssl=1 768w, https:\/\/i0.wp.com\/lacedemon.com\/wp-content\/uploads\/2024\/10\/Miniatura-Youtube-Ejercicio-llamativa-amarillo-Negro.png?resize=18%2C10&amp;ssl=1 18w\" sizes=\"(max-width: 900px) 100vw, 900px\" \/>\t\t\t\t\t\t\t\t\t\t\t\t\t\t\t<\/div>\n\t\t\t\t<\/div>\n\t\t\t\t\t<\/div>\n\t\t<\/div>\n\t\t\t\t\t<\/div>\n\t\t<\/section>\n\t\t\t\t<section class=\"elementor-section elementor-top-section elementor-element elementor-element-45eb5e1 elementor-section-stretched elementor-section-boxed elementor-section-height-default elementor-section-height-default\" data-id=\"45eb5e1\" data-element_type=\"section\" data-e-type=\"section\" data-settings=\"{&quot;stretch_section&quot;:&quot;section-stretched&quot;,&quot;background_background&quot;:&quot;classic&quot;}\">\n\t\t\t\t\t\t<div class=\"elementor-container elementor-column-gap-default\">\n\t\t\t\t\t<div class=\"elementor-column elementor-col-100 elementor-top-column elementor-element elementor-element-5468f5f\" data-id=\"5468f5f\" data-element_type=\"column\" data-e-type=\"column\">\n\t\t\t<div class=\"elementor-widget-wrap elementor-element-populated\">\n\t\t\t\t\t\t<div class=\"elementor-element elementor-element-70f81d2 elementor-widget elementor-widget-heading\" data-id=\"70f81d2\" data-element_type=\"widget\" data-e-type=\"widget\" data-widget_type=\"heading.default\">\n\t\t\t\t<div class=\"elementor-widget-container\">\n\t\t\t\t\t<h2 class=\"elementor-heading-title elementor-size-default\">SOON!<\/h2>\t\t\t\t<\/div>\n\t\t\t\t<\/div>\n\t\t\t\t<div class=\"elementor-element elementor-element-05a5eb5 elementor-headline--style-highlight elementor-widget elementor-widget-animated-headline\" data-id=\"05a5eb5\" data-element_type=\"widget\" data-e-type=\"widget\" data-settings=\"{&quot;marker&quot;:&quot;underline&quot;,&quot;highlighted_text&quot;:&quot;FREE&quot;,&quot;headline_style&quot;:&quot;highlight&quot;,&quot;loop&quot;:&quot;yes&quot;,&quot;highlight_animation_duration&quot;:1200,&quot;highlight_iteration_delay&quot;:8000}\" data-widget_type=\"animated-headline.default\">\n\t\t\t\t<div class=\"elementor-widget-container\">\n\t\t\t\t\t\t\t<h1 class=\"elementor-headline\">\n\t\t\t\t<span class=\"elementor-headline-dynamic-wrapper elementor-headline-text-wrapper\">\n\t\t\t\t\t<span class=\"elementor-headline-dynamic-text elementor-headline-text-active\">FREE<\/span>\n\t\t\t\t<\/span>\n\t\t\t\t\t<span class=\"elementor-headline-plain-text elementor-headline-text-wrapper\">MASTERCLASS<\/span>\n\t\t\t\t\t<\/h1>\n\t\t\t\t\t\t<\/div>\n\t\t\t\t<\/div>\n\t\t\t\t<div class=\"elementor-element elementor-element-ab57b6d elementor-widget elementor-widget-heading\" data-id=\"ab57b6d\" data-element_type=\"widget\" data-e-type=\"widget\" data-widget_type=\"heading.default\">\n\t\t\t\t<div class=\"elementor-widget-container\">\n\t\t\t\t\t<h2 class=\"elementor-heading-title elementor-size-default\">The 5 tools every future app developer should know<\/h2>\t\t\t\t<\/div>\n\t\t\t\t<\/div>\n\t\t\t\t\t<\/div>\n\t\t<\/div>\n\t\t\t\t\t<\/div>\n\t\t<\/section>\n\t\t\t\t<\/div>","protected":false},"excerpt":{"rendered":"<p>MASTERCLASS GRATIS Las 5 herramientas que todo futuro desarrollador de apps debe conocer \u00bfTe apasiona la idea de crear aplicaciones pero no sabes por d\u00f3nde empezar? En esta masterclass gratuita de menos de 30 minutos, te revelo las 5 herramientas imprescindibles que necesitas dominar para convertirte en un desarrollador de apps exitoso. Descubre los secretos &#8230; <a title=\"Suscripci\u00f3n formaci\u00f3n\" class=\"read-more\" href=\"https:\/\/lacedemon.com\/en\/suscripcion-formacion\/\" aria-label=\"Read more about Suscripci\u00f3n formaci\u00f3n\">Read more<\/a><\/p>","protected":false},"author":1,"featured_media":0,"parent":0,"menu_order":0,"comment_status":"closed","ping_status":"closed","template":"elementor_header_footer","meta":{"nf_dc_page":"","footnotes":""},"class_list":["post-5818","page","type-page","status-publish"],"yoast_head":"<!-- This site is optimized with the Yoast SEO plugin v27.5 - https:\/\/yoast.com\/product\/yoast-seo-wordpress\/ -->\n<title>Suscripci\u00f3n formaci\u00f3n - Lacedemon<\/title>\n<meta name=\"description\" content=\"Suscripci\u00f3n formaci\u00f3n - Lacedemon\" \/>\n<meta name=\"robots\" content=\"index, follow, max-snippet:-1, max-image-preview:large, max-video-preview:-1\" \/>\n<link rel=\"canonical\" href=\"https:\/\/flutteracademy.app\/suscripcion-formacion\/\" \/>\n<meta property=\"og:locale\" content=\"en_GB\" \/>\n<meta property=\"og:type\" content=\"article\" \/>\n<meta property=\"og:title\" content=\"Suscripci\u00f3n formaci\u00f3n - Lacedemon\" \/>\n<meta property=\"og:description\" content=\"Suscripci\u00f3n formaci\u00f3n - Lacedemon\" \/>\n<meta property=\"og:url\" content=\"https:\/\/flutteracademy.app\/suscripcion-formacion\/\" \/>\n<meta property=\"og:site_name\" content=\"Lacedemon\" \/>\n<meta property=\"article:modified_time\" content=\"2024-10-10T13:50:17+00:00\" \/>\n<meta property=\"og:image\" content=\"https:\/\/i0.wp.com\/lacedemon.com\/wp-content\/uploads\/2024\/10\/Miniatura-Youtube-Ejercicio-llamativa-amarillo-Negro.png?fit=1280%2C720&ssl=1\" \/>\n\t<meta property=\"og:image:width\" content=\"1280\" \/>\n\t<meta property=\"og:image:height\" content=\"720\" \/>\n\t<meta property=\"og:image:type\" content=\"image\/png\" \/>\n<meta name=\"twitter:card\" content=\"summary_large_image\" \/>\n<meta name=\"twitter:site\" content=\"@josemanuel_tech\" \/>\n<script type=\"application\/ld+json\" class=\"yoast-schema-graph\">{\"@context\":\"https:\\\/\\\/schema.org\",\"@graph\":[{\"@type\":\"WebPage\",\"@id\":\"https:\\\/\\\/flutteracademy.app\\\/suscripcion-formacion\\\/\",\"url\":\"https:\\\/\\\/flutteracademy.app\\\/suscripcion-formacion\\\/\",\"name\":\"Suscripci\u00f3n formaci\u00f3n - Lacedemon\",\"isPartOf\":{\"@id\":\"https:\\\/\\\/lacedemon.com\\\/#website\"},\"primaryImageOfPage\":{\"@id\":\"https:\\\/\\\/flutteracademy.app\\\/suscripcion-formacion\\\/#primaryimage\"},\"image\":{\"@id\":\"https:\\\/\\\/flutteracademy.app\\\/suscripcion-formacion\\\/#primaryimage\"},\"thumbnailUrl\":\"https:\\\/\\\/lacedemon.com\\\/wp-content\\\/uploads\\\/2024\\\/10\\\/Miniatura-Youtube-Ejercicio-llamativa-amarillo-Negro-1024x576.png\",\"datePublished\":\"2024-09-06T09:36:04+00:00\",\"dateModified\":\"2024-10-10T13:50:17+00:00\",\"description\":\"Suscripci\u00f3n formaci\u00f3n - Lacedemon\",\"breadcrumb\":{\"@id\":\"https:\\\/\\\/flutteracademy.app\\\/suscripcion-formacion\\\/#breadcrumb\"},\"inLanguage\":\"en-GB\",\"potentialAction\":[{\"@type\":\"ReadAction\",\"target\":[\"https:\\\/\\\/flutteracademy.app\\\/suscripcion-formacion\\\/\"]}]},{\"@type\":\"ImageObject\",\"inLanguage\":\"en-GB\",\"@id\":\"https:\\\/\\\/flutteracademy.app\\\/suscripcion-formacion\\\/#primaryimage\",\"url\":\"https:\\\/\\\/lacedemon.com\\\/wp-content\\\/uploads\\\/2024\\\/10\\\/Miniatura-Youtube-Ejercicio-llamativa-amarillo-Negro-1024x576.png\",\"contentUrl\":\"https:\\\/\\\/lacedemon.com\\\/wp-content\\\/uploads\\\/2024\\\/10\\\/Miniatura-Youtube-Ejercicio-llamativa-amarillo-Negro-1024x576.png\"},{\"@type\":\"BreadcrumbList\",\"@id\":\"https:\\\/\\\/flutteracademy.app\\\/suscripcion-formacion\\\/#breadcrumb\",\"itemListElement\":[{\"@type\":\"ListItem\",\"position\":1,\"name\":\"Inicio\",\"item\":\"https:\\\/\\\/lacedemon.com\\\/\"},{\"@type\":\"ListItem\",\"position\":2,\"name\":\"Suscripci\u00f3n formaci\u00f3n\"}]},{\"@type\":\"WebSite\",\"@id\":\"https:\\\/\\\/lacedemon.com\\\/#website\",\"url\":\"https:\\\/\\\/lacedemon.com\\\/\",\"name\":\"Lacedemon\",\"description\":\"Democratizaci\u00f3n de la tecnolog\u00eda \u2014 Partner tecnol\u00f3gico estrat\u00e9gico\",\"publisher\":{\"@id\":\"https:\\\/\\\/lacedemon.com\\\/#organization\"},\"potentialAction\":[{\"@type\":\"SearchAction\",\"target\":{\"@type\":\"EntryPoint\",\"urlTemplate\":\"https:\\\/\\\/lacedemon.com\\\/?s={search_term_string}\"},\"query-input\":{\"@type\":\"PropertyValueSpecification\",\"valueRequired\":true,\"valueName\":\"search_term_string\"}}],\"inLanguage\":\"en-GB\"},{\"@type\":\"Organization\",\"@id\":\"https:\\\/\\\/lacedemon.com\\\/#organization\",\"name\":\"lacedemon\",\"url\":\"https:\\\/\\\/lacedemon.com\\\/\",\"logo\":{\"@type\":\"ImageObject\",\"inLanguage\":\"en-GB\",\"@id\":\"https:\\\/\\\/lacedemon.com\\\/#\\\/schema\\\/logo\\\/image\\\/\",\"url\":\"https:\\\/\\\/i0.wp.com\\\/lacedemon.com\\\/wp-content\\\/uploads\\\/2022\\\/10\\\/Logo-flutteracademy.png?fit=200%2C200&ssl=1\",\"contentUrl\":\"https:\\\/\\\/i0.wp.com\\\/lacedemon.com\\\/wp-content\\\/uploads\\\/2022\\\/10\\\/Logo-flutteracademy.png?fit=200%2C200&ssl=1\",\"width\":200,\"height\":200,\"caption\":\"lacedemon\"},\"image\":{\"@id\":\"https:\\\/\\\/lacedemon.com\\\/#\\\/schema\\\/logo\\\/image\\\/\"},\"sameAs\":[\"https:\\\/\\\/x.com\\\/josemanuel_tech\"]}]}<\/script>\n<!-- \/ Yoast SEO plugin. -->","yoast_head_json":{"title":"Suscripci\u00f3n formaci\u00f3n - Lacedemon","description":"Suscripci\u00f3n formaci\u00f3n - Lacedemon","robots":{"index":"index","follow":"follow","max-snippet":"max-snippet:-1","max-image-preview":"max-image-preview:large","max-video-preview":"max-video-preview:-1"},"canonical":"https:\/\/flutteracademy.app\/suscripcion-formacion\/","og_locale":"en_GB","og_type":"article","og_title":"Suscripci\u00f3n formaci\u00f3n - Lacedemon","og_description":"Suscripci\u00f3n formaci\u00f3n - Lacedemon","og_url":"https:\/\/flutteracademy.app\/suscripcion-formacion\/","og_site_name":"Lacedemon","article_modified_time":"2024-10-10T13:50:17+00:00","og_image":[{"width":1280,"height":720,"url":"https:\/\/i0.wp.com\/lacedemon.com\/wp-content\/uploads\/2024\/10\/Miniatura-Youtube-Ejercicio-llamativa-amarillo-Negro.png?fit=1280%2C720&ssl=1","type":"image\/png"}],"twitter_card":"summary_large_image","twitter_site":"@josemanuel_tech","schema":{"@context":"https:\/\/schema.org","@graph":[{"@type":"WebPage","@id":"https:\/\/flutteracademy.app\/suscripcion-formacion\/","url":"https:\/\/flutteracademy.app\/suscripcion-formacion\/","name":"Suscripci\u00f3n formaci\u00f3n - Lacedemon","isPartOf":{"@id":"https:\/\/lacedemon.com\/#website"},"primaryImageOfPage":{"@id":"https:\/\/flutteracademy.app\/suscripcion-formacion\/#primaryimage"},"image":{"@id":"https:\/\/flutteracademy.app\/suscripcion-formacion\/#primaryimage"},"thumbnailUrl":"https:\/\/lacedemon.com\/wp-content\/uploads\/2024\/10\/Miniatura-Youtube-Ejercicio-llamativa-amarillo-Negro-1024x576.png","datePublished":"2024-09-06T09:36:04+00:00","dateModified":"2024-10-10T13:50:17+00:00","description":"Suscripci\u00f3n formaci\u00f3n - Lacedemon","breadcrumb":{"@id":"https:\/\/flutteracademy.app\/suscripcion-formacion\/#breadcrumb"},"inLanguage":"en-GB","potentialAction":[{"@type":"ReadAction","target":["https:\/\/flutteracademy.app\/suscripcion-formacion\/"]}]},{"@type":"ImageObject","inLanguage":"en-GB","@id":"https:\/\/flutteracademy.app\/suscripcion-formacion\/#primaryimage","url":"https:\/\/lacedemon.com\/wp-content\/uploads\/2024\/10\/Miniatura-Youtube-Ejercicio-llamativa-amarillo-Negro-1024x576.png","contentUrl":"https:\/\/lacedemon.com\/wp-content\/uploads\/2024\/10\/Miniatura-Youtube-Ejercicio-llamativa-amarillo-Negro-1024x576.png"},{"@type":"BreadcrumbList","@id":"https:\/\/flutteracademy.app\/suscripcion-formacion\/#breadcrumb","itemListElement":[{"@type":"ListItem","position":1,"name":"Inicio","item":"https:\/\/lacedemon.com\/"},{"@type":"ListItem","position":2,"name":"Suscripci\u00f3n formaci\u00f3n"}]},{"@type":"WebSite","@id":"https:\/\/lacedemon.com\/#website","url":"https:\/\/lacedemon.com\/","name":"Lacedemon","description":"Democratizaci\u00f3n de la tecnolog\u00eda \u2014 Partner tecnol\u00f3gico estrat\u00e9gico","publisher":{"@id":"https:\/\/lacedemon.com\/#organization"},"potentialAction":[{"@type":"SearchAction","target":{"@type":"EntryPoint","urlTemplate":"https:\/\/lacedemon.com\/?s={search_term_string}"},"query-input":{"@type":"PropertyValueSpecification","valueRequired":true,"valueName":"search_term_string"}}],"inLanguage":"en-GB"},{"@type":"Organization","@id":"https:\/\/lacedemon.com\/#organization","name":"lacedemon","url":"https:\/\/lacedemon.com\/","logo":{"@type":"ImageObject","inLanguage":"en-GB","@id":"https:\/\/lacedemon.com\/#\/schema\/logo\/image\/","url":"https:\/\/i0.wp.com\/lacedemon.com\/wp-content\/uploads\/2022\/10\/Logo-flutteracademy.png?fit=200%2C200&ssl=1","contentUrl":"https:\/\/i0.wp.com\/lacedemon.com\/wp-content\/uploads\/2022\/10\/Logo-flutteracademy.png?fit=200%2C200&ssl=1","width":200,"height":200,"caption":"lacedemon"},"image":{"@id":"https:\/\/lacedemon.com\/#\/schema\/logo\/image\/"},"sameAs":["https:\/\/x.com\/josemanuel_tech"]}]}},"jetpack_sharing_enabled":true,"_links":{"self":[{"href":"https:\/\/lacedemon.com\/en\/wp-json\/wp\/v2\/pages\/5818","targetHints":{"allow":["GET"]}}],"collection":[{"href":"https:\/\/lacedemon.com\/en\/wp-json\/wp\/v2\/pages"}],"about":[{"href":"https:\/\/lacedemon.com\/en\/wp-json\/wp\/v2\/types\/page"}],"author":[{"embeddable":true,"href":"https:\/\/lacedemon.com\/en\/wp-json\/wp\/v2\/users\/1"}],"replies":[{"embeddable":true,"href":"https:\/\/lacedemon.com\/en\/wp-json\/wp\/v2\/comments?post=5818"}],"version-history":[{"count":5,"href":"https:\/\/lacedemon.com\/en\/wp-json\/wp\/v2\/pages\/5818\/revisions"}],"predecessor-version":[{"id":5955,"href":"https:\/\/lacedemon.com\/en\/wp-json\/wp\/v2\/pages\/5818\/revisions\/5955"}],"wp:attachment":[{"href":"https:\/\/lacedemon.com\/en\/wp-json\/wp\/v2\/media?parent=5818"}],"curies":[{"name":"wp","href":"https:\/\/api.w.org\/{rel}","templated":true}]}}